{"id":105,"date":"2020-02-10T09:40:57","date_gmt":"2020-02-10T09:40:57","guid":{"rendered":"http:\/\/bodytone.ee\/?page_id=105"},"modified":"2025-02-23T19:54:15","modified_gmt":"2025-02-23T19:54:15","slug":"tasuta-konsultatsioon","status":"publish","type":"page","link":"https:\/\/bodytone.ee\/ru\/tasuta-konsultatsioon\/","title":{"rendered":"\u0411\u0435\u0441\u043f\u043b\u0430\u0442\u043d\u0430\u044f \u043a\u043e\u043d\u0441\u0443\u043b\u044c\u0442\u0430\u0446\u0438\u044f"},"content":{"rendered":"<div data-elementor-type=\"wp-page\" data-elementor-id=\"105\" class=\"elementor elementor-105\">\n\t\t\t\t\t\t<section class=\"elementor-section elementor-top-section elementor-element elementor-element-085cbfe elementor-section-boxed elementor-section-height-default elementor-section-height-default\" data-id=\"085cbfe\" data-element_type=\"section\" data-e-type=\"section\" data-settings=\"{&quot;background_background&quot;:&quot;classic&quot;}\">\n\t\t\t\t\t\t\t<div class=\"elementor-background-overlay\"><\/div>\n\t\t\t\t\t\t\t<div class=\"elementor-container elementor-column-gap-default\">\n\t\t\t\t\t<div class=\"elementor-column elementor-col-100 elementor-top-column elementor-element elementor-element-899211d\" data-id=\"899211d\" data-element_type=\"column\" data-e-type=\"column\">\n\t\t\t<div class=\"elementor-widget-wrap elementor-element-populated\">\n\t\t\t\t\t\t<div class=\"elementor-element elementor-element-0c0d671 elementor-widget elementor-widget-spacer\" data-id=\"0c0d671\" data-element_type=\"widget\" data-e-type=\"widget\" data-widget_type=\"spacer.default\">\n\t\t\t\t<div class=\"elementor-widget-container\">\n\t\t\t\t\t\t\t<div class=\"elementor-spacer\">\n\t\t\t<div class=\"elementor-spacer-inner\"><\/div>\n\t\t<\/div>\n\t\t\t\t\t\t<\/div>\n\t\t\t\t<\/div>\n\t\t\t\t\t<\/div>\n\t\t<\/div>\n\t\t\t\t\t<\/div>\n\t\t<\/section>\n\t\t\t\t<section class=\"elementor-section elementor-top-section elementor-element elementor-element-626453e elementor-section-boxed elementor-section-height-default elementor-section-height-default\" data-id=\"626453e\" data-element_type=\"section\" data-e-type=\"section\" data-settings=\"{&quot;background_background&quot;:&quot;classic&quot;}\">\n\t\t\t\t\t\t<div class=\"elementor-container elementor-column-gap-default\">\n\t\t\t\t\t<div class=\"elementor-column elementor-col-100 elementor-top-column elementor-element elementor-element-2d046fa\" data-id=\"2d046fa\" data-element_type=\"column\" data-e-type=\"column\">\n\t\t\t<div class=\"elementor-widget-wrap elementor-element-populated\">\n\t\t\t\t\t\t<div class=\"elementor-element elementor-element-b85ad7e elementor-widget elementor-widget-heading\" data-id=\"b85ad7e\" data-element_type=\"widget\" data-e-type=\"widget\" data-widget_type=\"heading.default\">\n\t\t\t\t<div class=\"elementor-widget-container\">\n\t\t\t\t\t<h1 class=\"elementor-heading-title elementor-size-default\"><span data-elementor-setting-key=\"title\" data-pen-placeholder=\"Type Here...\" style=\"font-size: 40px\"><span data-elementor-setting-key=\"title\" data-pen-placeholder=\"Type Here...\" style=\"font-size: 33px;margin-bottom: 15px\">PERSONAALNE KONSULTATSIOON<\/span><\/span><\/h1>\t\t\t\t<\/div>\n\t\t\t\t<\/div>\n\t\t\t\t\t<\/div>\n\t\t<\/div>\n\t\t\t\t\t<\/div>\n\t\t<\/section>\n\t\t\t\t<section class=\"elementor-section elementor-top-section elementor-element elementor-element-86e3c56 elementor-section-boxed elementor-section-height-default elementor-section-height-default\" data-id=\"86e3c56\" data-element_type=\"section\" data-e-type=\"section\" data-settings=\"{&quot;background_background&quot;:&quot;classic&quot;}\">\n\t\t\t\t\t\t<div class=\"elementor-container elementor-column-gap-default\">\n\t\t\t\t\t<div class=\"elementor-column elementor-col-100 elementor-top-column elementor-element elementor-element-a62a69c\" data-id=\"a62a69c\" data-element_type=\"column\" data-e-type=\"column\">\n\t\t\t<div class=\"elementor-widget-wrap elementor-element-populated\">\n\t\t\t\t\t\t<div class=\"elementor-element elementor-element-fbb1a5b elementor-widget elementor-widget-text-editor\" data-id=\"fbb1a5b\" data-element_type=\"widget\" data-e-type=\"widget\" data-widget_type=\"text-editor.default\">\n\t\t\t\t<div class=\"elementor-widget-container\">\n\t\t\t\t\t\t\t\t\t<p>\u0412\u044b \u0440\u0435\u0448\u0438\u043b\u0438, \u0447\u0442\u043e \u0445\u043e\u0442\u0438\u0442\u0435 \u0441\u043d\u043e\u0432\u0430 \u0431\u044b\u0442\u044c \u0432 \u0444\u043e\u0440\u043c\u0435, \u043d\u043e \u043d\u0435 \u0437\u043d\u0430\u0435\u0442\u0435, \u0441 \u0447\u0435\u0433\u043e \u043d\u0430\u0447\u0430\u0442\u044c?&nbsp;<\/p>\n<p>\u041a\u0430\u043a \u0441\u043e\u0447\u0435\u0442\u0430\u0442\u044c \u043f\u0440\u043e\u0446\u0435\u0434\u0443\u0440\u044b \u0434\u043b\u044f \u0442\u0435\u043b\u0430 \u0441\u043e \u0437\u0434\u043e\u0440\u043e\u0432\u044b\u043c \u043e\u0431\u0440\u0430\u0437\u043e\u043c \u0436\u0438\u0437\u043d\u0438 \u0438 \u043f\u0438\u0442\u0430\u043d\u0438\u0435\u043c, \u0447\u0442\u043e\u0431\u044b \u0434\u043e\u0431\u0438\u0442\u044c\u0441\u044f \u0436\u0435\u043b\u0430\u0435\u043c\u043e\u0439 \u0446\u0435\u043b\u0438 \u0437\u0430 \u043a\u043e\u0440\u043e\u0442\u043a\u0438\u0439 \u0441\u0440\u043e\u043a?<\/p>\n<p>Esmasel konsultatsioonil sellest r\u00e4\u00e4gimegi, n\u00f5ustame, vastame k\u00fcsimustele ja soovitame l\u00e4htuvalt sinu v\u00f5imalustest, elustiilist, soovidest. Anname parima, et leiaksid enda jaoks sobiva stardipositsiooni ja eesm\u00e4rgid ning j\u00e4\u00e4me sinu k\u00f5rvale sind toetama ja arenguid j\u00e4lgima.<\/p>\n<p><strong>Broneeri aeg tasuta konsultatsioonile: <a href=\"http:\/\/TEL:53007773\" data-wplink-url-error=\"true\">53 007 773<\/a> v\u00f5i <a href=\"mailto:info@bodytone.ee\" target=\"_blank\" rel=\"noopener\">info@bodytone.ee<\/a><\/strong><\/p>\n<p>\u041c\u044b \u0436\u0434\u0435\u043c \u0432\u0430\u0441!<\/p>\n<p>Kehaterapeudid Anu ja Marii<\/p>\t\t\t\t\t\t\t\t<\/div>\n\t\t\t\t<\/div>\n\t\t\t\t\t<\/div>\n\t\t<\/div>\n\t\t\t\t\t<\/div>\n\t\t<\/section>\n\t\t\t\t<section class=\"elementor-section elementor-top-section elementor-element elementor-element-bd185e8 elementor-section-boxed elementor-section-height-default elementor-section-height-default\" data-id=\"bd185e8\" data-element_type=\"section\" data-e-type=\"section\" data-settings=\"{&quot;background_background&quot;:&quot;classic&quot;}\">\n\t\t\t\t\t\t<div class=\"elementor-container elementor-column-gap-default\">\n\t\t\t\t\t<div class=\"elementor-column elementor-col-100 elementor-top-column elementor-element elementor-element-94469ce\" data-id=\"94469ce\" data-element_type=\"column\" data-e-type=\"column\">\n\t\t\t<div class=\"elementor-widget-wrap elementor-element-populated\">\n\t\t\t\t\t\t<div class=\"elementor-element elementor-element-edf3098 elementor-widget elementor-widget-spacer\" data-id=\"edf3098\" data-element_type=\"widget\" data-e-type=\"widget\" data-widget_type=\"spacer.default\">\n\t\t\t\t<div class=\"elementor-widget-container\">\n\t\t\t\t\t\t\t<div class=\"elementor-spacer\">\n\t\t\t<div class=\"elementor-spacer-inner\"><\/div>\n\t\t<\/div>\n\t\t\t\t\t\t<\/div>\n\t\t\t\t<\/div>\n\t\t\t\t\t<\/div>\n\t\t<\/div>\n\t\t\t\t\t<\/div>\n\t\t<\/section>\n\t\t\t\t<section class=\"elementor-section elementor-top-section elementor-element elementor-element-34b064c elementor-section-boxed elementor-section-height-default elementor-section-height-default\" data-id=\"34b064c\" data-element_type=\"section\" data-e-type=\"section\" data-settings=\"{&quot;background_background&quot;:&quot;classic&quot;}\">\n\t\t\t\t\t\t<div class=\"elementor-container elementor-column-gap-default\">\n\t\t\t\t\t<div class=\"elementor-column elementor-col-100 elementor-top-column elementor-element elementor-element-b85a7a0\" data-id=\"b85a7a0\" data-element_type=\"column\" data-e-type=\"column\">\n\t\t\t<div class=\"elementor-widget-wrap elementor-element-populated\">\n\t\t\t\t\t\t<div class=\"elementor-element elementor-element-8b9c008 elementor-widget elementor-widget-video\" data-id=\"8b9c008\" data-element_type=\"widget\" data-e-type=\"widget\" data-settings=\"{&quot;youtube_url&quot;:&quot;https:\\\/\\\/www.youtube.com\\\/watch?v=ZojoVqUyYNw&quot;,&quot;video_type&quot;:&quot;youtube&quot;,&quot;controls&quot;:&quot;yes&quot;}\" data-widget_type=\"video.default\">\n\t\t\t\t<div class=\"elementor-widget-container\">\n\t\t\t\t\t\t\t<div class=\"elementor-wrapper elementor-open-inline\">\n\t\t\t<div class=\"elementor-video\"><\/div>\t\t<\/div>\n\t\t\t\t\t\t<\/div>\n\t\t\t\t<\/div>\n\t\t\t\t\t<\/div>\n\t\t<\/div>\n\t\t\t\t\t<\/div>\n\t\t<\/section>\n\t\t\t\t<\/div>","protected":false},"excerpt":{"rendered":"<p>PERSONAALNE KONSULTATSIOON Oled otsustanud, et tahad uuesti vormi saada, kuid ei tea, millist alustada?&nbsp; Kuidas kehahooldusi kombineerida koos tervislike eluviiside ja toitumisega, et soovitud eesm\u00e4rk oleks l\u00fchikese ajaga saavutatav? Esmasel konsultatsioonil sellest r\u00e4\u00e4gimegi, n\u00f5ustame, vastame k\u00fcsimustele ja soovitame l\u00e4htuvalt sinu v\u00f5imalustest, elustiilist, soovidest. Anname parima, et leiaksid enda jaoks sobiva [&hellip;]<\/p>\n","protected":false},"author":1,"featured_media":0,"parent":0,"menu_order":0,"comment_status":"closed","ping_status":"closed","template":"elementor_header_footer","meta":{"footnotes":""},"class_list":["post-105","page","type-page","status-publish","hentry"],"jetpack_sharing_enabled":true,"_links":{"self":[{"href":"https:\/\/bodytone.ee\/ru\/wp-json\/wp\/v2\/pages\/105","targetHints":{"allow":["GET"]}}],"collection":[{"href":"https:\/\/bodytone.ee\/ru\/wp-json\/wp\/v2\/pages"}],"about":[{"href":"https:\/\/bodytone.ee\/ru\/wp-json\/wp\/v2\/types\/page"}],"author":[{"embeddable":true,"href":"https:\/\/bodytone.ee\/ru\/wp-json\/wp\/v2\/users\/1"}],"replies":[{"embeddable":true,"href":"https:\/\/bodytone.ee\/ru\/wp-json\/wp\/v2\/comments?post=105"}],"version-history":[{"count":47,"href":"https:\/\/bodytone.ee\/ru\/wp-json\/wp\/v2\/pages\/105\/revisions"}],"predecessor-version":[{"id":2350,"href":"https:\/\/bodytone.ee\/ru\/wp-json\/wp\/v2\/pages\/105\/revisions\/2350"}],"wp:attachment":[{"href":"https:\/\/bodytone.ee\/ru\/wp-json\/wp\/v2\/media?parent=105"}],"curies":[{"name":"wp","href":"https:\/\/api.w.org\/{rel}","templated":true}]}}