{"id":107,"date":"2020-02-10T09:41:55","date_gmt":"2020-02-10T09:41:55","guid":{"rendered":"http:\/\/bodytone.ee\/?page_id=107"},"modified":"2026-03-04T10:14:59","modified_gmt":"2026-03-04T10:14:59","slug":"ultratone-naohooldused","status":"publish","type":"page","link":"https:\/\/bodytone.ee\/ru\/ultratone-naohooldused\/","title":{"rendered":"\u041f\u0440\u043e\u0446\u0435\u0434\u0443\u0440\u044b \u0434\u043b\u044f \u043b\u0438\u0446\u0430 Ultratone"},"content":{"rendered":"<h1>ULTRATONE N\u00c4OHOOLDUSED<\/h1>\n<p><strong>DREAMSHAPER\u2122 n\u00e4ohooldused: tervislik ja t\u00f5hus alternatiiv vananemisilmingute leevendamiseks<\/strong><\/p>\n<p>Kui otsid viisi, kuidas s\u00e4ilitada n\u00e4onaha nooruslikkust ja toonust ilma s\u00fcstide v\u00f5i kirurgilise sekkumiseta, on DREAMSHAPER\u2122 n\u00e4ohooldused just sulle. DREAMSHAPER\u2122 on ainus s\u00fcsteem Eestis, mis m\u00f5jutab k\u00f5iki n\u00e4olihaseid \u00fcheaegselt, pakkudes oluliselt s\u00fcgavamat ja p\u00fcsivamat tulemust v\u00f5rreldes tavalise n\u00e4omassaa\u017ei v\u00f5i n\u00e4ojoogaga.\u00a0<\/p>\n<h2>Millal tasub alustada n\u00e4ohooldustega?\u00a0<\/h2>\n<p>Kosmeetiliste protseduuridega on soovitatav alustada ennetavalt juba esimeste vananemisilmingute ilmnemisel. Need hooldused ei ole m\u00f5eldud vaid 40- v\u00f5i 50-aastastele! N\u00e4iteks silma\u00fcmbruse esimeste kortsude korral on mikrovooluhooldus v\u00e4ga t\u00f5hus, eba\u00fchtlase jume ja laienenud pooride puhul sobib suurep\u00e4raselt ultrahelihooldus. Kui m\u00e4rkad, et p\u00f5skede toonus pole enam sama hea kui varem, on n\u00e4o biostimulatsioon parim lahendus noorusliku v\u00e4limuse s\u00e4ilitamiseks.<\/p>\n<h2>Millised on protseduuri peamised kasutegurid?<\/h2>\n<ul>\n<li><strong>T\u00f5husaim viis n\u00e4okontuuride parandamiseks<\/strong> \u2013 ainulaadne s\u00fcsteem, mis pinguldab ja vormib n\u00e4okontuure, t\u00f6\u00f6tades k\u00f5igi n\u00e4olihastega \u00fcheaegselt.<\/li>\n<li><strong>S\u00fcgav noorendav toime<\/strong> \u2013teadusuuringutega on t\u00f5estatud, et ULTRATONE\u2122 impulsid kiirendavad tunduvalt rakkude uuenemist, protseduur aitab aeglustada vananemisprotsesse ning annab n\u00e4ole noorusliku ja terve v\u00e4limuse.<\/li>\n<li><strong>Personaalne hooldus vastavalt vajadustele<\/strong> \u2013 \u00fcle 250 000 hooldusvalikuv\u00f5imaluse, mis arvestavad kliendi vanust, n\u00e4ot\u00fc\u00fcpi ja -kuju.<\/li>\n<li><strong>Ohutu ja nahas\u00f5bralik<\/strong> \u2013 madalsageduslikud impulsid ei kahjusta kudesid ega s\u00fcvenda miimikakortsusid (vastupidiselt n\u00e4olihaste harjutustele), sobides igas vanuses ja ka tundlikule nahale.<\/li>\n<li><strong>Ei ole valus<\/strong> \u2013hoolduse intensiivsust saab reguleerida vastavalt kliendi tundlikkusele.<\/li>\n<\/ul>\n<p>Madalsageduslikke ULTRATONE\u2122 Ultrawave bioimpulsse kasutatakse maailmas laialdaselt tervislikuks ja mugavaks Faceliftiks. B.E.S.T. (Bio Energy Synchronised Technologies) k\u00f5rgtehnoloogia on arendatud v\u00e4lja koos Inglismaa neuroteadlastega aastak\u00fcmnete pikkuse uurimist\u00f6\u00f6 tulemusena.<\/p>\n<p><strong>\u0415\u0441\u043b\u0438 \u0432\u044b \u043d\u0435 \u0437\u043d\u0430\u0435\u0442\u0435 \u0442\u043e\u0447\u043d\u043e, \u0441 \u0447\u0435\u0433\u043e \u043d\u0430\u0447\u0430\u0442\u044c, \u043f\u0440\u0438\u0445\u043e\u0434\u0438\u0442\u0435 \u043d\u0430 \u043a\u043e\u043d\u0441\u0443\u043b\u044c\u0442\u0430\u0446\u0438\u044e \u2013 \u043c\u044b \u043d\u0430\u0447\u043d\u0435\u043c \u0432\u043c\u0435\u0441\u0442\u0435!<\/strong><\/p>\n<style type=\"text\/css\">\n\t\t\t#gallery-3 {\n\t\t\t\tmargin: auto;\n\t\t\t}\n\t\t\t#gallery-3 .gallery-item {\n\t\t\t\tfloat: left;\n\t\t\t\tmargin-top: 10px;\n\t\t\t\ttext-align: center;\n\t\t\t\twidth: 25%;\n\t\t\t}\n\t\t\t#gallery-3 img {\n\t\t\t\tborder: 2px solid #cfcfcf;\n\t\t\t}\n\t\t\t#gallery-3 .gallery-caption {\n\t\t\t\tmargin-left: 0;\n\t\t\t}\n\t\t\t\/* see gallery_shortcode() in wp-includes\/media.php *\/\n\t\t<\/style>\n<dl class='gallery-item'>\n<dt class='gallery-icon landscape'>\n\t\t\t\t<a data-elementor-open-lightbox=\"yes\" data-elementor-lightbox-slideshow=\"24c6be8\" data-elementor-lightbox-title=\"DREAMSHAPER ultraheli BodyTone Tallinn\" data-elementor-lightbox-description=\"DREAMSHAPER ultraheli BodyTone Tallinn\" data-e-action-hash=\"#elementor-action%3Aaction%3Dlightbox%26settings%3DeyJpZCI6NTA4LCJ1cmwiOiJodHRwOlwvXC9ib2R5dG9uZS5lZVwvd3AtY29udGVudFwvdXBsb2Fkc1wvMjAyMFwvMDRcL3VsdHJhaGVsaS5qcGciLCJzbGlkZXNob3ciOiIyNGM2YmU4In0%3D\" href='http:\/\/bodytone.ee\/wp-content\/uploads\/2020\/04\/ultraheli.jpg'><img fetchpriority=\"high\" width=\"300\" height=\"300\" src=\"http:\/\/bodytone.ee\/wp-content\/uploads\/2020\/04\/ultraheli-300x300.jpg\" alt=\"DREAMSHAPER ultraheli BodyTone Tallinn\" aria-describedby=\"gallery-3-508\" decoding=\"async\" srcset=\"https:\/\/bodytone.ee\/wp-content\/uploads\/2020\/04\/ultraheli-300x300.jpg 300w, https:\/\/bodytone.ee\/wp-content\/uploads\/2020\/04\/ultraheli-230x230.jpg 230w, https:\/\/bodytone.ee\/wp-content\/uploads\/2020\/04\/ultraheli-160x160.jpg 160w, https:\/\/bodytone.ee\/wp-content\/uploads\/2020\/04\/ultraheli-600x600.jpg 600w, https:\/\/bodytone.ee\/wp-content\/uploads\/2020\/04\/ultraheli-150x150.jpg 150w, https:\/\/bodytone.ee\/wp-content\/uploads\/2020\/04\/ultraheli.jpg 726w\" sizes=\"(max-width: 300px) 100vw, 300px\" \/><\/a>\n\t\t\t<\/dt>\n<dd class='wp-caption-text gallery-caption' id='gallery-3-508'>\n\t\t\t\t\u0423\u043b\u044c\u0442\u0440\u0430\u0437\u0432\u0443\u043a\n\t\t\t\t<\/dd>\n<\/dl>\n<dl class='gallery-item'>\n<dt class='gallery-icon landscape'>\n\t\t\t\t<a data-elementor-open-lightbox=\"yes\" data-elementor-lightbox-slideshow=\"24c6be8\" data-elementor-lightbox-title=\"DREAMSHAPER biostimulatsioon BodyTone Tallinn\" data-elementor-lightbox-description=\"DREAMSHAPER biostimulatsioon BodyTone Tallinn\" data-e-action-hash=\"#elementor-action%3Aaction%3Dlightbox%26settings%3DeyJpZCI6NTA5LCJ1cmwiOiJodHRwOlwvXC9ib2R5dG9uZS5lZVwvd3AtY29udGVudFwvdXBsb2Fkc1wvMjAyMFwvMDRcL2Jpb3N0aW11bGF0c2lvb24uanBnIiwic2xpZGVzaG93IjoiMjRjNmJlOCJ9\" href='http:\/\/bodytone.ee\/wp-content\/uploads\/2020\/04\/biostimulatsioon.jpg'><img width=\"300\" height=\"300\" src=\"http:\/\/bodytone.ee\/wp-content\/uploads\/2020\/04\/biostimulatsioon-300x300.jpg\" alt=\"DREAMSHAPER biostimulatsioon BodyTone Tallinn\" aria-describedby=\"gallery-3-509\" decoding=\"async\" srcset=\"https:\/\/bodytone.ee\/wp-content\/uploads\/2020\/04\/biostimulatsioon-300x300.jpg 300w, https:\/\/bodytone.ee\/wp-content\/uploads\/2020\/04\/biostimulatsioon-230x230.jpg 230w, https:\/\/bodytone.ee\/wp-content\/uploads\/2020\/04\/biostimulatsioon-160x160.jpg 160w, https:\/\/bodytone.ee\/wp-content\/uploads\/2020\/04\/biostimulatsioon-600x600.jpg 600w, https:\/\/bodytone.ee\/wp-content\/uploads\/2020\/04\/biostimulatsioon-150x150.jpg 150w, https:\/\/bodytone.ee\/wp-content\/uploads\/2020\/04\/biostimulatsioon.jpg 726w\" sizes=\"(max-width: 300px) 100vw, 300px\" \/><\/a>\n\t\t\t<\/dt>\n<dd class='wp-caption-text gallery-caption' id='gallery-3-509'>\n\t\t\t\t\u0411\u0438\u043e\u0441\u0442\u0438\u043c\u0443\u043b\u044f\u0446\u0438\u044f\n\t\t\t\t<\/dd>\n<\/dl>\n<dl class='gallery-item'>\n<dt class='gallery-icon landscape'>\n\t\t\t\t<a data-elementor-open-lightbox=\"yes\" data-elementor-lightbox-slideshow=\"24c6be8\" data-elementor-lightbox-title=\"DREAMSHAPER mikrovoolud BodyTone Tallinn\" data-elementor-lightbox-description=\"DREAMSHAPER mikrovoolud BodyTone Tallinn\" data-e-action-hash=\"#elementor-action%3Aaction%3Dlightbox%26settings%3DeyJpZCI6NTEwLCJ1cmwiOiJodHRwOlwvXC9ib2R5dG9uZS5lZVwvd3AtY29udGVudFwvdXBsb2Fkc1wvMjAyMFwvMDRcL21pa3Jvdm9vbHVkLmpwZyIsInNsaWRlc2hvdyI6IjI0YzZiZTgifQ%3D%3D\" href='http:\/\/bodytone.ee\/wp-content\/uploads\/2020\/04\/mikrovoolud.jpg'><img width=\"300\" height=\"300\" src=\"http:\/\/bodytone.ee\/wp-content\/uploads\/2020\/04\/mikrovoolud-300x300.jpg\" alt=\"DREAMSHAPER mikrovoolud BodyTone Tallinn\" aria-describedby=\"gallery-3-510\" decoding=\"async\" srcset=\"https:\/\/bodytone.ee\/wp-content\/uploads\/2020\/04\/mikrovoolud-300x300.jpg 300w, https:\/\/bodytone.ee\/wp-content\/uploads\/2020\/04\/mikrovoolud-230x230.jpg 230w, https:\/\/bodytone.ee\/wp-content\/uploads\/2020\/04\/mikrovoolud-160x160.jpg 160w, https:\/\/bodytone.ee\/wp-content\/uploads\/2020\/04\/mikrovoolud-600x600.jpg 600w, https:\/\/bodytone.ee\/wp-content\/uploads\/2020\/04\/mikrovoolud-150x150.jpg 150w, https:\/\/bodytone.ee\/wp-content\/uploads\/2020\/04\/mikrovoolud.jpg 726w\" sizes=\"(max-width: 300px) 100vw, 300px\" \/><\/a>\n\t\t\t<\/dt>\n<dd class='wp-caption-text gallery-caption' id='gallery-3-510'>\n\t\t\t\t\u041c\u0438\u043a\u0440\u043e\u0442\u043e\u043a\u0438\n\t\t\t\t<\/dd>\n<\/dl>\n<p>\t\t\t<br style='clear: both' \/><br \/>\n\t\t\t\t\t<a href=\"https:\/\/online.saloninfra.ee\/et\/wellness\" target=\"_blank\" rel=\"noopener\"><br \/>\n\t\t\t\t\t\t\t\t\t\u0417\u0430\u0431\u0440\u043e\u043d\u0438\u0440\u043e\u0432\u0430\u0442\u044c \u0432\u0440\u0435\u043c\u044f<br \/>\n\t\t\t\t\t<\/a><\/p>","protected":false},"excerpt":{"rendered":"<p>ULTRATONE N\u00c4OHOOLDUSED DREAMSHAPER\u2122 n\u00e4ohooldused: tervislik ja t\u00f5hus alternatiiv vananemisilmingute leevendamiseks Kui otsid viisi, kuidas s\u00e4ilitada n\u00e4onaha nooruslikkust ja toonust ilma s\u00fcstide v\u00f5i kirurgilise sekkumiseta, on DREAMSHAPER\u2122 n\u00e4ohooldused just sulle. DREAMSHAPER\u2122 on ainus s\u00fcsteem Eestis, mis m\u00f5jutab k\u00f5iki n\u00e4olihaseid \u00fcheaegselt, pakkudes oluliselt s\u00fcgavamat ja p\u00fcsivamat tulemust v\u00f5rreldes tavalise n\u00e4omassaa\u017ei v\u00f5i n\u00e4ojoogaga.\u00a0 [&hellip;]<\/p>\n","protected":false},"author":1,"featured_media":0,"parent":0,"menu_order":0,"comment_status":"closed","ping_status":"closed","template":"page-templates\/template-fullwidth.php","meta":{"footnotes":""},"class_list":["post-107","page","type-page","status-publish","hentry"],"jetpack_sharing_enabled":true,"_links":{"self":[{"href":"https:\/\/bodytone.ee\/ru\/wp-json\/wp\/v2\/pages\/107","targetHints":{"allow":["GET"]}}],"collection":[{"href":"https:\/\/bodytone.ee\/ru\/wp-json\/wp\/v2\/pages"}],"about":[{"href":"https:\/\/bodytone.ee\/ru\/wp-json\/wp\/v2\/types\/page"}],"author":[{"embeddable":true,"href":"https:\/\/bodytone.ee\/ru\/wp-json\/wp\/v2\/users\/1"}],"replies":[{"embeddable":true,"href":"https:\/\/bodytone.ee\/ru\/wp-json\/wp\/v2\/comments?post=107"}],"version-history":[{"count":79,"href":"https:\/\/bodytone.ee\/ru\/wp-json\/wp\/v2\/pages\/107\/revisions"}],"predecessor-version":[{"id":2031,"href":"https:\/\/bodytone.ee\/ru\/wp-json\/wp\/v2\/pages\/107\/revisions\/2031"}],"wp:attachment":[{"href":"https:\/\/bodytone.ee\/ru\/wp-json\/wp\/v2\/media?parent=107"}],"curies":[{"name":"wp","href":"https:\/\/api.w.org\/{rel}","templated":true}]}}