{"id":1595,"date":"2024-11-05T19:52:41","date_gmt":"2024-11-05T19:52:41","guid":{"rendered":"https:\/\/bodytone.ee\/?page_id=1595"},"modified":"2026-03-04T09:37:35","modified_gmt":"2026-03-04T09:37:35","slug":"figuuri-korrigeerimine-bodytone-tallinn-salongis","status":"publish","type":"page","link":"https:\/\/bodytone.ee\/ru\/figuuri-korrigeerimine-bodytone-tallinn-salongis\/","title":{"rendered":"\u041a\u043e\u0440\u0440\u0435\u043a\u0442\u0438\u0440\u043e\u0432\u043a\u0430 \u0444\u0438\u0433\u0443\u0440\u044b"},"content":{"rendered":"<div data-elementor-type=\"wp-page\" data-elementor-id=\"1595\" class=\"elementor elementor-1595\">\n\t\t\t\t\t\t<section class=\"elementor-section elementor-top-section elementor-element elementor-element-3d18e9d elementor-section-boxed elementor-section-height-default elementor-section-height-default\" data-id=\"3d18e9d\" data-element_type=\"section\" data-e-type=\"section\">\n\t\t\t\t\t\t<div class=\"elementor-container elementor-column-gap-default\">\n\t\t\t\t\t<div class=\"elementor-column elementor-col-100 elementor-top-column elementor-element elementor-element-ccff040\" data-id=\"ccff040\" data-element_type=\"column\" data-e-type=\"column\">\n\t\t\t<div class=\"elementor-widget-wrap elementor-element-populated\">\n\t\t\t\t\t\t<div class=\"elementor-element elementor-element-49a3f0c elementor-widget elementor-widget-spacer\" data-id=\"49a3f0c\" data-element_type=\"widget\" data-e-type=\"widget\" data-widget_type=\"spacer.default\">\n\t\t\t\t<div class=\"elementor-widget-container\">\n\t\t\t\t\t\t\t<div class=\"elementor-spacer\">\n\t\t\t<div class=\"elementor-spacer-inner\"><\/div>\n\t\t<\/div>\n\t\t\t\t\t\t<\/div>\n\t\t\t\t<\/div>\n\t\t\t\t<div class=\"elementor-element elementor-element-5ec3cff elementor-widget elementor-widget-heading\" data-id=\"5ec3cff\" data-element_type=\"widget\" data-e-type=\"widget\" data-widget_type=\"heading.default\">\n\t\t\t\t<div class=\"elementor-widget-container\">\n\t\t\t\t\t<h1 class=\"elementor-heading-title elementor-size-default\">\u041a\u043e\u0440\u0440\u0435\u043a\u0442\u0438\u0440\u043e\u0432\u043a\u0430 \u0444\u0438\u0433\u0443\u0440\u044b<\/h1>\t\t\t\t<\/div>\n\t\t\t\t<\/div>\n\t\t\t\t<div class=\"elementor-element elementor-element-687f1b3 elementor-widget elementor-widget-text-editor\" data-id=\"687f1b3\" data-element_type=\"widget\" data-e-type=\"widget\" data-widget_type=\"text-editor.default\">\n\t\t\t\t<div class=\"elementor-widget-container\">\n\t\t\t\t\t\t\t\t\t<p>Kas soovid oma figuuri kiiresti ja t\u00f5husalt trimmida? Tutvu Eestis ainulaadse DREAMSHAPER\u2122-iga, mis kohandub 100% sinu keha ja eesm\u00e4rkidega. \u00dcle 250 000 individuaalse hooldusv\u00f5imaluse p\u00f5hinevad sinu vanusel, kehakaalul, kehat\u00fc\u00fcbil ja aktiivsusel, pakkudes lahendust nii salenemisele, tselluliidiravile kui ka naha pinguldamisele.<\/p><p>Lisaks pakume veidi soodsamas hinnaklassis Futura Pro kehahooldusi, mis on paljudele meie p\u00fcsiklientidele olnud lemmikuks juba aastaid.<\/p><h2>Miks valida ULTRATONE\u2122 figuuri korrigeerimine?<\/h2><ul><li><strong>Korraga mitu kehapiirkonda<\/strong>\u00a0\u2013 k\u00f5hu salenemine, tuharate t\u00f5stmine, reite silumine ja palju muud.<\/li><li><strong>Siledam nahk ja toonuses lihased<\/strong>\u00a0\u2013\u00a0v\u00f5rreldes mitmete teiste protseduuridega m\u00f5jutab ULTRATONE samaaegselt nahka, nahaaluskudet, rasvkudet ja lihaseid.\u00a0<\/li><li><strong>Probleemsete piirkondade m\u00f5jutamine<\/strong>\u00a0&#8211; v\u00f5imaldab treenida lihaseid, mida tavap\u00e4rasel treeningul on keeruline arendada.\u00a0<\/li><li><strong>Personaalne l\u00e4henemine<\/strong>\u00a0\u2013 individuaalsed hooldusprogrammid, mis vastavad t\u00e4pselt sinu vajadustele.<\/li><li><strong>N\u00e4olihaste treening lisaks<\/strong> \u2013 soovi korral saab samal ajal kehahooldusega nautida ka n\u00e4olihaste treeningut v\u00f5i n\u00e4omassaa\u017ei.\u00a0<\/li><\/ul><h2>Milline on figuuri korrigeerimise protseduur?<\/h2><ol><li>Isiklik konsultatsioon ja eesm\u00e4rkide seadmine \u2013 t\u00e4pselt sinu soovitud tulemusele suunatud.<\/li><li>Ultraheli kavitatsioon\u00a0\u2013 (valikuline) rasvarakkude l\u00f5hustamine maksimaalse tulemuse saavutamiseks.<\/li><li>Sihitud lihast\u00f6\u00f6 ja l\u00f5\u00f5gastus\u00a0\u2013 spetsiaalsed elektroodid t\u00f6\u00f6tavad s\u00fcgavuti sinu lihastega, pakkudes tunnet, nagu treeniksid j\u00f5usaalis ja vahepeal l\u00f5\u00f5gastuksid massaa\u017eis. Bioimpulsside poolt tekitatud lihaste kokkut\u00f5mbed on kordades tugevamad v\u00f5rreldes tavalise treeningu m\u00f5juga, kuna see aktiveerib lihase maksimaalselt.<\/li><li style=\"list-style-type: none;\"><ol><li style=\"list-style-type: none;\"><ol><\/ol><\/li><\/ol><\/li><\/ol><p>Soovitame l\u00e4bida vastavalt probleemile 6-12 hoolduskorrast koosneva kuuri sagedusega 2-3 korda n\u00e4dalas.\u00a0Protseduur on kiire, ohutu ega p\u00f5hjusta valu. Valikus on k\u00f5ige uuema tehnoloogiaga Eestis ainulaadne Dreamshaper v\u00f5i siis soodsamas hinnaklassis Futura Pro biostimulatsioon.<\/p><h2>Figuuri korrigeerimise tulemused:<\/h2><ul><li><strong>\u00dcmberm\u00f5\u00f5t v\u00e4heneb<\/strong>\u00a0\u2013 v\u00e4hem tselluliiti ja pingul nahk.<\/li><li><strong>Lihaste toonuse ja vastupidavuse t\u00f5us<\/strong>\u00a0\u2013 pringim ja siledam v\u00e4limus. Paraneb verevool ja rakkude ainevahetus.\u00a0<\/li><li><strong>V\u00e4heneb rasvkude<\/strong>\u00a0(t\u00e4nu energia tarbimise kasvule).<\/li><li><strong>Kehakontuuride muutumine<\/strong>.<\/li><\/ul><h2>Kellele sobib figuuri korrigeerimine?\u00a0<\/h2><ul><li>Neile, kes soovivad oma keha\u00a0<strong>kiirelt vormi<\/strong>\u00a0saada.<\/li><li>Neile, kes hindavad efektiivsust ja\u00a0<strong>ajalist kokkuhoidu<\/strong>.<\/li><li>Aktiivse elustiiliga inimestele, kes otsivad t\u00f5husat ja\u00a0<strong>kiiret keha korrigeerimise v\u00f5imalust<\/strong>.<\/li><li style=\"list-style-type: none;\"><ul><\/ul><\/li><\/ul><h2>Millised on vastun\u00e4idustused?<\/h2><p>S\u00fcdamestimulaator, epilepsia, pahaloomulised kasvajad, tuberkuloos, hemofiilia, rasedus.<\/p><p><strong>Personaalne hooldus maksimaalse tulemuslikkusega.<\/strong><\/p>\t\t\t\t\t\t\t\t<\/div>\n\t\t\t\t<\/div>\n\t\t\t\t<div class=\"elementor-element elementor-element-310af3e elementor-align-center elementor-widget elementor-widget-button\" data-id=\"310af3e\" data-element_type=\"widget\" data-e-type=\"widget\" data-widget_type=\"button.default\">\n\t\t\t\t<div class=\"elementor-widget-container\">\n\t\t\t\t\t\t\t\t\t<div class=\"elementor-button-wrapper\">\n\t\t\t\t\t<a class=\"elementor-button elementor-button-link elementor-size-sm\" href=\"https:\/\/online.saloninfra.ee\/et\/wellness\" target=\"_blank\" rel=\"noopener\">\n\t\t\t\t\t\t<span class=\"elementor-button-content-wrapper\">\n\t\t\t\t\t\t\t\t\t<span class=\"elementor-button-text\">\u0417\u0430\u0431\u0440\u043e\u043d\u0438\u0440\u043e\u0432\u0430\u0442\u044c \u0432\u0440\u0435\u043c\u044f<\/span>\n\t\t\t\t\t<\/span>\n\t\t\t\t\t<\/a>\n\t\t\t\t<\/div>\n\t\t\t\t\t\t\t\t<\/div>\n\t\t\t\t<\/div>\n\t\t\t\t<div class=\"elementor-element elementor-element-662b033 elementor-widget elementor-widget-video\" data-id=\"662b033\" data-element_type=\"widget\" data-e-type=\"widget\" data-settings=\"{&quot;youtube_url&quot;:&quot;https:\\\/\\\/www.youtube.com\\\/watch?v=ZojoVqUyYNw&quot;,&quot;video_type&quot;:&quot;youtube&quot;,&quot;controls&quot;:&quot;yes&quot;}\" data-widget_type=\"video.default\">\n\t\t\t\t<div class=\"elementor-widget-container\">\n\t\t\t\t\t\t\t<div class=\"elementor-wrapper elementor-open-inline\">\n\t\t\t<div class=\"elementor-video\"><\/div>\t\t<\/div>\n\t\t\t\t\t\t<\/div>\n\t\t\t\t<\/div>\n\t\t\t\t\t<\/div>\n\t\t<\/div>\n\t\t\t\t\t<\/div>\n\t\t<\/section>\n\t\t\t\t<\/div>","protected":false},"excerpt":{"rendered":"<p>Figuuri korrigeerimine Kas soovid oma figuuri kiiresti ja t\u00f5husalt trimmida? Tutvu Eestis ainulaadse DREAMSHAPER\u2122-iga, mis kohandub 100% sinu keha ja eesm\u00e4rkidega. \u00dcle 250 000 individuaalse hooldusv\u00f5imaluse p\u00f5hinevad sinu vanusel, kehakaalul, kehat\u00fc\u00fcbil ja aktiivsusel, pakkudes lahendust nii salenemisele, tselluliidiravile kui ka naha pinguldamisele. Lisaks pakume veidi soodsamas hinnaklassis Futura Pro kehahooldusi, [&hellip;]<\/p>\n","protected":false},"author":2,"featured_media":0,"parent":0,"menu_order":0,"comment_status":"closed","ping_status":"closed","template":"page-templates\/template-fullwidth.php","meta":{"footnotes":""},"class_list":["post-1595","page","type-page","status-publish","hentry"],"jetpack_sharing_enabled":true,"_links":{"self":[{"href":"https:\/\/bodytone.ee\/ru\/wp-json\/wp\/v2\/pages\/1595","targetHints":{"allow":["GET"]}}],"collection":[{"href":"https:\/\/bodytone.ee\/ru\/wp-json\/wp\/v2\/pages"}],"about":[{"href":"https:\/\/bodytone.ee\/ru\/wp-json\/wp\/v2\/types\/page"}],"author":[{"embeddable":true,"href":"https:\/\/bodytone.ee\/ru\/wp-json\/wp\/v2\/users\/2"}],"replies":[{"embeddable":true,"href":"https:\/\/bodytone.ee\/ru\/wp-json\/wp\/v2\/comments?post=1595"}],"version-history":[{"count":26,"href":"https:\/\/bodytone.ee\/ru\/wp-json\/wp\/v2\/pages\/1595\/revisions"}],"predecessor-version":[{"id":2346,"href":"https:\/\/bodytone.ee\/ru\/wp-json\/wp\/v2\/pages\/1595\/revisions\/2346"}],"wp:attachment":[{"href":"https:\/\/bodytone.ee\/ru\/wp-json\/wp\/v2\/media?parent=1595"}],"curies":[{"name":"wp","href":"https:\/\/api.w.org\/{rel}","templated":true}]}}