{"id":1600,"date":"2024-11-05T20:02:36","date_gmt":"2024-11-05T20:02:36","guid":{"rendered":"https:\/\/bodytone.ee\/?page_id=1600"},"modified":"2026-03-04T09:47:54","modified_gmt":"2026-03-04T09:47:54","slug":"parast-sunnitust-vormi","status":"publish","type":"page","link":"https:\/\/bodytone.ee\/ru\/parast-sunnitust-vormi\/","title":{"rendered":"P\u00e4rast s\u00fcnnitust vormi"},"content":{"rendered":"<div data-elementor-type=\"wp-page\" data-elementor-id=\"1600\" class=\"elementor elementor-1600\">\n\t\t\t\t\t\t<section class=\"elementor-section elementor-top-section elementor-element elementor-element-3d18e9d elementor-section-boxed elementor-section-height-default elementor-section-height-default\" data-id=\"3d18e9d\" data-element_type=\"section\" data-e-type=\"section\">\n\t\t\t\t\t\t<div class=\"elementor-container elementor-column-gap-default\">\n\t\t\t\t\t<div class=\"elementor-column elementor-col-100 elementor-top-column elementor-element elementor-element-ccff040\" data-id=\"ccff040\" data-element_type=\"column\" data-e-type=\"column\">\n\t\t\t<div class=\"elementor-widget-wrap elementor-element-populated\">\n\t\t\t\t\t\t<div class=\"elementor-element elementor-element-49a3f0c elementor-widget elementor-widget-spacer\" data-id=\"49a3f0c\" data-element_type=\"widget\" data-e-type=\"widget\" data-widget_type=\"spacer.default\">\n\t\t\t\t<div class=\"elementor-widget-container\">\n\t\t\t\t\t\t\t<div class=\"elementor-spacer\">\n\t\t\t<div class=\"elementor-spacer-inner\"><\/div>\n\t\t<\/div>\n\t\t\t\t\t\t<\/div>\n\t\t\t\t<\/div>\n\t\t\t\t<div class=\"elementor-element elementor-element-5ec3cff elementor-widget elementor-widget-heading\" data-id=\"5ec3cff\" data-element_type=\"widget\" data-e-type=\"widget\" data-widget_type=\"heading.default\">\n\t\t\t\t<div class=\"elementor-widget-container\">\n\t\t\t\t\t<h1 class=\"elementor-heading-title elementor-size-default\">P\u00e4rast s\u00fcnnitust vormi - kehahooldus v\u00e4rsketele emadele<\/h1>\t\t\t\t<\/div>\n\t\t\t\t<\/div>\n\t\t\t\t<div class=\"elementor-element elementor-element-687f1b3 elementor-widget__width-initial elementor-widget elementor-widget-text-editor\" data-id=\"687f1b3\" data-element_type=\"widget\" data-e-type=\"widget\" data-widget_type=\"text-editor.default\">\n\t\t\t\t<div class=\"elementor-widget-container\">\n\t\t\t\t\t\t\t\t\t<strong>Taasta vorm kiiresti ja ohutult p\u00e4rast s\u00fcnnitust \u2013 ULTRATONE\u2122 biostimulatsioon v\u00e4rsketele emadele!<\/strong>\nRasedus ja s\u00fcnnitus toovad kehale kaasa muutusi, ning endise figuuri taastamine v\u00f5ib tunduda keeruline. Just siin tuleb appi ULTRATONE\u2122 \u2013 k\u00f5ige kiirem ja t\u00f5husam viis s\u00fcnnitusj\u00e4rgseks vormi taastamiseks!<\/li>\n<\/ul>\n<ul>\n \t<li style=\"list-style-type: none;\">\n<ul><\/ul>\n<\/li>\n<\/ul>\n<ul><\/ul>\n<h2>Kuidas taastada vorm p\u00e4rast s\u00fcnnitust?<\/span><\/h2>\n<div>Spetsiaalselt v\u00e4rsketele emadele loodud ULTRATONE\u2122 programm aitab v\u00e4hendada k\u00f5hupiirkonnast sentimeetreid, pinguldada nahka, tugevdada lihaseid ning v\u00e4hendada tselluliiti.<\/li>\n<\/ul>\n<ul>\n \t<li style=\"list-style-type: none;\">\n<ul><\/ul>\n<\/li>\n<\/ul>\n<ul><\/ul>\n<h2>Kellele sobib ULTRATONE\u2122 biostimulatsioon?<\/h2>\n<ul>\n \t<li><strong>V\u00e4rsketele emadele<\/strong>, kes soovivad t\u00f5husat, kuid kehale s\u00f5bralikku viisi vormi taastamiseks (ka imetamise ajal). Sobilik p\u00e4rast s\u00fcnnitusj\u00e4rgset kontrolli (alates 7. n\u00e4dalast).<\/li>\n \t<li><strong>K\u00f5igile, kelle jaoks k\u00f5hupiirkond on k\u00f5ige raskemini vormitav<\/strong>, pakkudes lahendust ka s\u00fcnnitusj\u00e4rgse naha pinguldamiseks.<\/li>\n \t<li><strong>Naistele, kellel on diagnoositud k\u00f5hu sirglihase lahknemine ehk diastaas.<\/strong> Biostimulatsioon aitab ohutult ja efektiivselt m\u00f5jutada k\u00f5hulihaseid ajal, mil intensiivsed treeningud ei ole veel soovituslikud.<\/li>\n \t<li><strong>Naistele, kes on s\u00fcnnitanud keisril\u00f5ike teel (alates 4 kuud p\u00e4rast s\u00fcnnitust).<\/strong> Biostimulatsioon aitab taastada alak\u00f5hulihaste tunnetust, treenida alak\u00f5htu suuremal koormusel ja efektiivsemalt.<\/li>\n<\/ul>\n<div>\n<h3 style=\"color: #3c4858;\">Lisaks sobib protseduur suurep\u00e4raselt:<\/h3>\n<ul>\n \t<li style=\"list-style-type: none;\">\n<ul>\n \t<li>Neile, kes soovivad oma keha<span>\u00a0<\/span><strong>kiirelt vormi<\/strong><span>\u00a0<\/span>saada.<\/li>\n \t<li>Neile, kes hindavad efektiivsust ja<span>\u00a0<\/span><strong>ajalist kokkuhoidu<\/strong>.<\/li>\n \t<li>Aktiivse elustiiliga inimestele, kes otsivad t\u00f5husat ja<span>\u00a0<\/span><strong>kiiret keha korrigeerimise v\u00f5imalust<\/strong>.<\/li>\n<\/ul>\n<\/li>\n<\/ul>\n<\/div>\n<h2>Millised on protseduuri etapid?<strong><\/strong><\/h2>\n<ol>\n \t<li>Isiklik konsultatsioon ja eesm\u00e4rkide seadmine<span>\u00a0<\/span>\u2013 t\u00e4pselt sinu soovitud tulemusele suunatud.<\/li>\n \t<li>Ultraheli kavitatsioon<span>\u00a0<\/span>\u2013 (valikuline) rasvarakkude l\u00f5hustamine maksimaalse tulemuse saavutamiseks.<\/li>\n \t<li>Sihitud lihast\u00f6\u00f6 ja l\u00f5\u00f5gastus<span>\u00a0<\/span>\u2013 terapeut valib sulle sobiva s\u00fcnnitusj\u00e4rgse treeningprogrammi. Spetsiaalsed elektroodid t\u00f6\u00f6tavad s\u00fcgavuti sinu lihastega, pakkudes tunnet nagu treeniksid j\u00f5usaalis ja vahepeal l\u00f5\u00f5gastuksid massaa\u017eis. Bioimpulsside poolt tekitatud lihaste kokkut\u00f5mbed on kordades tugevamad v\u00f5rreldes tavalise treeningu m\u00f5juga, kuna see aktiveerib lihase maksimaalselt.<\/li>\n<\/ol>\nSoovitame l\u00e4bida vastavalt probleemile 6-12 hoolduskorrast koosneva kuuri sagedusega 1-2 korda n\u00e4dalas. Valikus on k\u00f5ige uuema tehnoloogiaga Eestis ainulaadne Dreamshaper v\u00f5i siis soodsamas hinnaklassis Futura Pro biostimulatsioon.\n\n<span>Protseduur on kiire, ohutu ega p\u00f5hjusta valu. Imetamine ei ole takistuseks.\u00a0<\/li>\n<\/ul>\n<ul>\n \t<li style=\"list-style-type: none;\">\n<ul><\/ul>\n<\/li>\n<\/ul>\n<ul><\/ul>\n<h2>Tulemused: v\u00e4henenud \u00fcmberm\u00f5\u00f5t ja toonuses lihased<\/h2>\n<ul>\n \t<li>\u00dcmberm\u00f5\u00f5t v\u00e4heneb.<\/li>\n \t<li>Lihaste toonuse ja vastupidavuse t\u00f5us<span>\u00a0<\/span>\u2013 pringim ja siledam v\u00e4limus. Paraneb verevool ja rakkude ainevahetus.<\/li>\n \t<li>V\u00e4heneb rasvkude (t\u00e4nu energia tarbimise kasvule).<\/li>\n \t<li>Kehakontuuride muutumine.<\/li>\n<\/ul>\n<ul>\n \t<li style=\"list-style-type: none;\">\n<ul><\/ul>\n<\/li>\n<\/ul>\n<ul><\/ul>\n<h2>Millised on vastun\u00e4idustused?<\/h2>\n<span style=\"font-weight: 400;\">S\u00fcdamestimulaator, epilepsia, pahaloomulised kasvajad, tuberkuloos, hemofiilia, rasedus.<\/li>\n<\/ul>\n<ul>\n \t<li style=\"list-style-type: none;\">\n<\/li>\n<\/ul>\n<strong>ULTRATONE\u2122 \u2013 kiire ja t\u00f5hus taastumine, mis sobib just sinu vajadustega!<\/b>\t\t\t\t\t\t\t\t<\/div>\n\t\t\t\t<\/div>\n\t\t\t\t\t<\/div>\n\t\t<\/div>\n\t\t\t\t\t<\/div>\n\t\t<\/section>\n\t\t\t\t<section class=\"elementor-section elementor-top-section elementor-element elementor-element-ca11576 elementor-section-boxed elementor-section-height-default elementor-section-height-default\" data-id=\"ca11576\" data-element_type=\"section\" data-e-type=\"section\">\n\t\t\t\t\t\t<div class=\"elementor-container elementor-column-gap-default\">\n\t\t\t\t\t<div class=\"elementor-column elementor-col-100 elementor-top-column elementor-element elementor-element-e536533\" data-id=\"e536533\" data-element_type=\"column\" data-e-type=\"column\">\n\t\t\t<div class=\"elementor-widget-wrap elementor-element-populated\">\n\t\t\t\t\t\t<div class=\"elementor-element elementor-element-f0dd693 elementor-align-center elementor-widget elementor-widget-button\" data-id=\"f0dd693\" data-element_type=\"widget\" data-e-type=\"widget\" data-widget_type=\"button.default\">\n\t\t\t\t<div class=\"elementor-widget-container\">\n\t\t\t\t\t\t\t\t\t<div class=\"elementor-button-wrapper\">\n\t\t\t\t\t<a class=\"elementor-button elementor-button-link elementor-size-sm\" href=\"https:\/\/online.saloninfra.ee\/et\/wellness\" target=\"_blank\" rel=\"noopener\">\n\t\t\t\t\t\t<span class=\"elementor-button-content-wrapper\">\n\t\t\t\t\t\t\t\t\t<span class=\"elementor-button-text\">\u0417\u0430\u0431\u0440\u043e\u043d\u0438\u0440\u043e\u0432\u0430\u0442\u044c \u0432\u0440\u0435\u043c\u044f<\/span>\n\t\t\t\t\t<\/span>\n\t\t\t\t\t<\/a>\n\t\t\t\t<\/div>\n\t\t\t\t\t\t\t\t<\/div>\n\t\t\t\t<\/div>\n\t\t\t\t\t<\/div>\n\t\t<\/div>\n\t\t\t\t\t<\/div>\n\t\t<\/section>\n\t\t\t\t<section class=\"elementor-section elementor-top-section elementor-element elementor-element-dd1682a elementor-section-boxed elementor-section-height-default elementor-section-height-default\" data-id=\"dd1682a\" data-element_type=\"section\" data-e-type=\"section\">\n\t\t\t\t\t\t<div class=\"elementor-container elementor-column-gap-default\">\n\t\t\t\t\t<div class=\"elementor-column elementor-col-100 elementor-top-column elementor-element elementor-element-bd1a5bc\" data-id=\"bd1a5bc\" data-element_type=\"column\" data-e-type=\"column\">\n\t\t\t<div class=\"elementor-widget-wrap elementor-element-populated\">\n\t\t\t\t\t\t<div class=\"elementor-element elementor-element-c35ac02 elementor-widget elementor-widget-video\" data-id=\"c35ac02\" data-element_type=\"widget\" data-e-type=\"widget\" data-settings=\"{&quot;youtube_url&quot;:&quot;https:\\\/\\\/www.youtube.com\\\/watch?v=ZojoVqUyYNw&quot;,&quot;video_type&quot;:&quot;youtube&quot;,&quot;controls&quot;:&quot;yes&quot;}\" data-widget_type=\"video.default\">\n\t\t\t\t<div class=\"elementor-widget-container\">\n\t\t\t\t\t\t\t<div class=\"elementor-wrapper elementor-open-inline\">\n\t\t\t<div class=\"elementor-video\"><\/div>\t\t<\/div>\n\t\t\t\t\t\t<\/div>\n\t\t\t\t<\/div>\n\t\t\t\t\t<\/div>\n\t\t<\/div>\n\t\t\t\t\t<\/div>\n\t\t<\/section>\n\t\t\t\t<\/div>","protected":false},"excerpt":{"rendered":"<p>P\u00e4rast s\u00fcnnitust vormi &#8211; kehahooldus v\u00e4rsketele emadele Taasta vorm kiiresti ja ohutult p\u00e4rast s\u00fcnnitust \u2013 ULTRATONE\u2122 biostimulatsioon v\u00e4rsketele emadele! Rasedus ja s\u00fcnnitus toovad kehale kaasa muutusi, ning endise figuuri taastamine v\u00f5ib tunduda keeruline. Just siin tuleb appi ULTRATONE\u2122 \u2013 k\u00f5ige kiirem ja t\u00f5husam viis s\u00fcnnitusj\u00e4rgseks vormi taastamiseks! Kuidas taastada vorm [&hellip;]<\/p>\n","protected":false},"author":2,"featured_media":0,"parent":0,"menu_order":0,"comment_status":"closed","ping_status":"closed","template":"page-templates\/template-fullwidth.php","meta":{"footnotes":""},"class_list":["post-1600","page","type-page","status-publish","hentry"],"jetpack_sharing_enabled":true,"_links":{"self":[{"href":"https:\/\/bodytone.ee\/ru\/wp-json\/wp\/v2\/pages\/1600","targetHints":{"allow":["GET"]}}],"collection":[{"href":"https:\/\/bodytone.ee\/ru\/wp-json\/wp\/v2\/pages"}],"about":[{"href":"https:\/\/bodytone.ee\/ru\/wp-json\/wp\/v2\/types\/page"}],"author":[{"embeddable":true,"href":"https:\/\/bodytone.ee\/ru\/wp-json\/wp\/v2\/users\/2"}],"replies":[{"embeddable":true,"href":"https:\/\/bodytone.ee\/ru\/wp-json\/wp\/v2\/comments?post=1600"}],"version-history":[{"count":27,"href":"https:\/\/bodytone.ee\/ru\/wp-json\/wp\/v2\/pages\/1600\/revisions"}],"predecessor-version":[{"id":2063,"href":"https:\/\/bodytone.ee\/ru\/wp-json\/wp\/v2\/pages\/1600\/revisions\/2063"}],"wp:attachment":[{"href":"https:\/\/bodytone.ee\/ru\/wp-json\/wp\/v2\/media?parent=1600"}],"curies":[{"name":"wp","href":"https:\/\/api.w.org\/{rel}","templated":true}]}}