{"id":1604,"date":"2024-11-05T20:04:31","date_gmt":"2024-11-05T20:04:31","guid":{"rendered":"https:\/\/bodytone.ee\/?page_id=1604"},"modified":"2026-03-04T10:12:26","modified_gmt":"2026-03-04T10:12:26","slug":"kiirsalenemine-bodytone-salongis","status":"publish","type":"page","link":"https:\/\/bodytone.ee\/ru\/kiirsalenemine-bodytone-salongis\/","title":{"rendered":"Kiirsalenemine"},"content":{"rendered":"<div data-elementor-type=\"wp-page\" data-elementor-id=\"1604\" class=\"elementor elementor-1604\">\n\t\t\t\t\t\t<section class=\"elementor-section elementor-top-section elementor-element elementor-element-3d18e9d elementor-section-boxed elementor-section-height-default elementor-section-height-default\" data-id=\"3d18e9d\" data-element_type=\"section\" data-e-type=\"section\">\n\t\t\t\t\t\t<div class=\"elementor-container elementor-column-gap-default\">\n\t\t\t\t\t<div class=\"elementor-column elementor-col-100 elementor-top-column elementor-element elementor-element-ccff040\" data-id=\"ccff040\" data-element_type=\"column\" data-e-type=\"column\">\n\t\t\t<div class=\"elementor-widget-wrap elementor-element-populated\">\n\t\t\t\t\t\t<div class=\"elementor-element elementor-element-49a3f0c elementor-widget elementor-widget-spacer\" data-id=\"49a3f0c\" data-element_type=\"widget\" data-e-type=\"widget\" data-widget_type=\"spacer.default\">\n\t\t\t\t<div class=\"elementor-widget-container\">\n\t\t\t\t\t\t\t<div class=\"elementor-spacer\">\n\t\t\t<div class=\"elementor-spacer-inner\"><\/div>\n\t\t<\/div>\n\t\t\t\t\t\t<\/div>\n\t\t\t\t<\/div>\n\t\t\t\t<div class=\"elementor-element elementor-element-5ec3cff elementor-widget elementor-widget-heading\" data-id=\"5ec3cff\" data-element_type=\"widget\" data-e-type=\"widget\" data-widget_type=\"heading.default\">\n\t\t\t\t<div class=\"elementor-widget-container\">\n\t\t\t\t\t<h1 class=\"elementor-heading-title elementor-size-default\">Kiirsalenemine<\/h1>\t\t\t\t<\/div>\n\t\t\t\t<\/div>\n\t\t\t\t<div class=\"elementor-element elementor-element-687f1b3 elementor-widget elementor-widget-text-editor\" data-id=\"687f1b3\" data-element_type=\"widget\" data-e-type=\"widget\" data-widget_type=\"text-editor.default\">\n\t\t\t\t<div class=\"elementor-widget-container\">\n\t\t\t\t\t\t\t\t\t<p><strong>Kiirsalenemine \u2013 tulemused juba 60 minutiga!&nbsp;<\/strong><span style=\"font-size: inherit;\">Kas soovid enne t\u00e4htsat s\u00fcndmust end parimas vormis n\u00e4ha? Kiirsalenemine (&#8220;Instant Inchloss&#8221;) on m\u00f5eldud neile, kes vajavad kiireid ja silmapaistvaid tulemusi. Vaid \u00fche kiirsalenemise seansi jooksul kaob keskmiselt 2\u20134 cm \u00fcmberm\u00f5\u00f5tudest, s\u00f5ltuvalt valitud piirkonnast (k\u00f5ht, reied, tuharad).&nbsp;<\/span><\/p>\n<h2>Kuidas kiirsalenemine t\u00f6\u00f6tab?<\/h2>\n<ul>\n<li>Isiklik l\u00e4henemine \u2013 intensiivsus ja sihtpiirkonnad valitakse just sinu keha ja eesm\u00e4rkide j\u00e4rgi.<\/li>\n<li>Rasvakoe kokkusurumine ja lihaste vormimine \u2013 protsess aitab kiiresti saavutada vormi ning soodustab j\u00e4\u00e4kainete eemaldumist. Protseduur sobib h\u00e4sti saavutamaks maksimaalseid tulemusi konkreetse piirkonna m\u00f5jutamiseks.<\/li>\n<li>Protseduuri ajal ise liikuma ei pea, vaid lamades teeb kogu t\u00f6\u00f6 \u00e4ra ULTRATONE seade. 60 minuti jooksul t\u00f6\u00f6tavad su lihased ligi 1000 korda.&nbsp;<\/li>\n<\/ul>\n<h3>Soovitused maksimaalse tulemuse saavutamiseks:<\/h3>\n<ul>\n<li>Joo enne ja p\u00e4rast protseduuri piisavalt vett, et toetada kehast j\u00e4\u00e4kainete v\u00e4ljumist.<\/li>\n<li>Kingime sulle lisaks meie 9-p\u00e4evase DETOX-kuuri.<\/li>\n<\/ul>\n<p><strong>Kiire, t\u00f5hus ja t\u00e4pselt sinu vajadustega kohandatud \u2013 tunne end enesekindlalt juba t\u00e4na.<\/strong><\/p>\t\t\t\t\t\t\t\t<\/div>\n\t\t\t\t<\/div>\n\t\t\t\t<div class=\"elementor-element elementor-element-5968787 elementor-align-center elementor-widget elementor-widget-button\" data-id=\"5968787\" data-element_type=\"widget\" data-e-type=\"widget\" data-widget_type=\"button.default\">\n\t\t\t\t<div class=\"elementor-widget-container\">\n\t\t\t\t\t\t\t\t\t<div class=\"elementor-button-wrapper\">\n\t\t\t\t\t<a class=\"elementor-button elementor-button-link elementor-size-sm\" href=\"https:\/\/online.saloninfra.ee\/et\/wellness\" target=\"_blank\" rel=\"noopener\">\n\t\t\t\t\t\t<span class=\"elementor-button-content-wrapper\">\n\t\t\t\t\t\t\t\t\t<span class=\"elementor-button-text\">\u0417\u0430\u0431\u0440\u043e\u043d\u0438\u0440\u043e\u0432\u0430\u0442\u044c \u0432\u0440\u0435\u043c\u044f<\/span>\n\t\t\t\t\t<\/span>\n\t\t\t\t\t<\/a>\n\t\t\t\t<\/div>\n\t\t\t\t\t\t\t\t<\/div>\n\t\t\t\t<\/div>\n\t\t\t\t\t<\/div>\n\t\t<\/div>\n\t\t\t\t\t<\/div>\n\t\t<\/section>\n\t\t\t\t<\/div>","protected":false},"excerpt":{"rendered":"<p>Kiirsalenemine Kiirsalenemine \u2013 tulemused juba 60 minutiga!&nbsp;Kas soovid enne t\u00e4htsat s\u00fcndmust end parimas vormis n\u00e4ha? Kiirsalenemine (&#8220;Instant Inchloss&#8221;) on m\u00f5eldud neile, kes vajavad kiireid ja silmapaistvaid tulemusi. Vaid \u00fche kiirsalenemise seansi jooksul kaob keskmiselt 2\u20134 cm \u00fcmberm\u00f5\u00f5tudest, s\u00f5ltuvalt valitud piirkonnast (k\u00f5ht, reied, tuharad).&nbsp; Kuidas kiirsalenemine t\u00f6\u00f6tab? Isiklik l\u00e4henemine \u2013 intensiivsus [&hellip;]<\/p>\n","protected":false},"author":2,"featured_media":0,"parent":0,"menu_order":0,"comment_status":"closed","ping_status":"closed","template":"page-templates\/template-fullwidth.php","meta":{"footnotes":""},"class_list":["post-1604","page","type-page","status-publish","hentry"],"jetpack_sharing_enabled":true,"_links":{"self":[{"href":"https:\/\/bodytone.ee\/ru\/wp-json\/wp\/v2\/pages\/1604","targetHints":{"allow":["GET"]}}],"collection":[{"href":"https:\/\/bodytone.ee\/ru\/wp-json\/wp\/v2\/pages"}],"about":[{"href":"https:\/\/bodytone.ee\/ru\/wp-json\/wp\/v2\/types\/page"}],"author":[{"embeddable":true,"href":"https:\/\/bodytone.ee\/ru\/wp-json\/wp\/v2\/users\/2"}],"replies":[{"embeddable":true,"href":"https:\/\/bodytone.ee\/ru\/wp-json\/wp\/v2\/comments?post=1604"}],"version-history":[{"count":25,"href":"https:\/\/bodytone.ee\/ru\/wp-json\/wp\/v2\/pages\/1604\/revisions"}],"predecessor-version":[{"id":2356,"href":"https:\/\/bodytone.ee\/ru\/wp-json\/wp\/v2\/pages\/1604\/revisions\/2356"}],"wp:attachment":[{"href":"https:\/\/bodytone.ee\/ru\/wp-json\/wp\/v2\/media?parent=1604"}],"curies":[{"name":"wp","href":"https:\/\/api.w.org\/{rel}","templated":true}]}}