{"id":1610,"date":"2024-11-05T20:21:10","date_gmt":"2024-11-05T20:21:10","guid":{"rendered":"https:\/\/bodytone.ee\/?page_id=1610"},"modified":"2025-02-13T19:05:22","modified_gmt":"2025-02-13T19:05:22","slug":"naolihaste-treening","status":"publish","type":"page","link":"https:\/\/bodytone.ee\/ru\/naolihaste-treening\/","title":{"rendered":"\u0422\u0440\u0435\u043d\u0438\u0440\u043e\u0432\u043a\u0430 \u043c\u044b\u0448\u0446 \u043b\u0438\u0446\u0430"},"content":{"rendered":"<div data-elementor-type=\"wp-page\" data-elementor-id=\"1610\" class=\"elementor elementor-1610\">\n\t\t\t\t\t\t<section class=\"elementor-section elementor-top-section elementor-element elementor-element-72ac016 elementor-section-boxed elementor-section-height-default elementor-section-height-default\" data-id=\"72ac016\" data-element_type=\"section\" data-e-type=\"section\">\n\t\t\t\t\t\t<div class=\"elementor-container elementor-column-gap-default\">\n\t\t\t\t\t<div class=\"elementor-column elementor-col-100 elementor-top-column elementor-element elementor-element-55a5c32\" data-id=\"55a5c32\" data-element_type=\"column\" data-e-type=\"column\">\n\t\t\t<div class=\"elementor-widget-wrap\">\n\t\t\t\t\t\t\t<\/div>\n\t\t<\/div>\n\t\t\t\t\t<\/div>\n\t\t<\/section>\n\t\t\t\t<section class=\"elementor-section elementor-top-section elementor-element elementor-element-9634e13 elementor-section-boxed elementor-section-height-default elementor-section-height-default\" data-id=\"9634e13\" data-element_type=\"section\" data-e-type=\"section\">\n\t\t\t\t\t\t<div class=\"elementor-container elementor-column-gap-default\">\n\t\t\t\t\t<div class=\"elementor-column elementor-col-100 elementor-top-column elementor-element elementor-element-7a71e23\" data-id=\"7a71e23\" data-element_type=\"column\" data-e-type=\"column\">\n\t\t\t<div class=\"elementor-widget-wrap elementor-element-populated\">\n\t\t\t\t\t\t<div class=\"elementor-element elementor-element-d282e28 elementor-widget elementor-widget-spacer\" data-id=\"d282e28\" data-element_type=\"widget\" data-e-type=\"widget\" data-widget_type=\"spacer.default\">\n\t\t\t\t<div class=\"elementor-widget-container\">\n\t\t\t\t\t\t\t<div class=\"elementor-spacer\">\n\t\t\t<div class=\"elementor-spacer-inner\"><\/div>\n\t\t<\/div>\n\t\t\t\t\t\t<\/div>\n\t\t\t\t<\/div>\n\t\t\t\t\t<\/div>\n\t\t<\/div>\n\t\t\t\t\t<\/div>\n\t\t<\/section>\n\t\t\t\t<section class=\"elementor-section elementor-top-section elementor-element elementor-element-d7f55fe elementor-section-boxed elementor-section-height-default elementor-section-height-default\" data-id=\"d7f55fe\" data-element_type=\"section\" data-e-type=\"section\">\n\t\t\t\t\t\t<div class=\"elementor-container elementor-column-gap-default\">\n\t\t\t\t\t<div class=\"elementor-column elementor-col-100 elementor-top-column elementor-element elementor-element-029b0ab\" data-id=\"029b0ab\" data-element_type=\"column\" data-e-type=\"column\">\n\t\t\t<div class=\"elementor-widget-wrap elementor-element-populated\">\n\t\t\t\t\t\t<div class=\"elementor-element elementor-element-5f995b2 elementor-widget elementor-widget-heading\" data-id=\"5f995b2\" data-element_type=\"widget\" data-e-type=\"widget\" data-widget_type=\"heading.default\">\n\t\t\t\t<div class=\"elementor-widget-container\">\n\t\t\t\t\t<h1 class=\"elementor-heading-title elementor-size-default\">\u0422\u0440\u0435\u043d\u0438\u0440\u043e\u0432\u043a\u0430 \u043c\u044b\u0448\u0446 \u043b\u0438\u0446\u0430 <\/h1>\t\t\t\t<\/div>\n\t\t\t\t<\/div>\n\t\t\t\t<div class=\"elementor-element elementor-element-76005c2 elementor-widget elementor-widget-text-editor\" data-id=\"76005c2\" data-element_type=\"widget\" data-e-type=\"widget\" data-widget_type=\"text-editor.default\">\n\t\t\t\t<div class=\"elementor-widget-container\">\n\t\t\t\t\t\t\t\t\t<p><span style=\"font-family: Poppins; font-size: 17px;\"><strong>N\u00e4olihaste treening DREAMSHAPER\u2122 Biostimulatsioon Express. <\/strong>Aitame sul saavutada noorusliku, s\u00e4rava ja trimmis n\u00e4o. T\u00e4nu <span>n\u00e4olihaste treeningule on n\u00e4gu paremas toonuses.<\/span><\/span><\/p><h2>Mis on n\u00e4olihaste treening?<\/h2><p>N\u00e4olihaste treening on alternatiiv n\u00e4ojoogale ja massaa\u017eile. N\u00e4os on \u00fcle 40 lihase, mida saad treenida samamoodi nagu enda keha.\u00a0<\/p><h2>Milline on n\u00e4olihaste treeningu protsess?<\/h2><ol><li>K\u00f5igepealt puhastab terapeut n\u00e4onaha.<\/li><li>Sellele j\u00e4rgneb nn n\u00e4olihaste treening (esimesel korral v\u00f5ib olla natukene harjumatu, et n\u00e4gu hakkab tegema harjumatuid liigutusi \u2013 lase ennast lihtsalt l\u00f5dvaks ja naudi). Ainus meetod, millega on v\u00f5imalik t\u00f6\u00f6delda korraga k\u00f5iki n\u00e4olihaseid!<\/li><li>L\u00f5puks kantakse nahale just sinu vajadusi arvestav n\u00e4okreem.<\/li><\/ol><h2>Tulemused \u2013 n\u00e4gu on paremas toonuses<\/h2><p>N\u00e4gu, ja eriti p\u00f5sed, on paremas toonuses ning vereringe elavneb. Intensiivkuuriga muutuvad n\u00e4ojooned j\u00e4rk-j\u00e4rgult nooruslikumaks, l\u00f5uajoon teravneb, l\u00f5tvunud nahk ja lihased saavad tagasi oma toonuse, samuti v\u00e4henevad kortsud.<\/p><h2>Kellele sobib n\u00e4olihaste treening?<\/h2><p>N\u00e4olihaste treening sobib ennetavalt n\u00e4iteks kord kuus v\u00f5i tekkinud probleemide v\u00e4hendamiseks 6\u201312 protseduurist koosnev kuur sagedusega 1-2x n\u00e4dalas.<\/p><h2>Millised on vastun\u00e4idustused?<\/h2><p>Erinevad kilpn\u00e4\u00e4rme haigused, kontaktdermatiit, p\u00e4ikesep\u00f5letus, botuliintoksiini s\u00fcstid ja\/v\u00f5i silikoon-, kollageen- v\u00f5i analoogsete implantaatide olemasolu (nendele piirkondadele elektroode ei asetata).<\/p><h2>Protsessi eelised:<\/h2><p>P\u00fcsikliendid kiidavad, et protsessi saab \u00fchildada igakuise kosmeetilise hoolduse intensiivse n\u00e4otrenniga \u2013 kaks \u00fches. Samuti on p\u00f5sed paremas toonuses.<\/p><p><strong>\u042d\u041a\u041e\u041d\u041e\u041c\u0418\u042f \u0426\u0415\u041d\u041d\u041e\u0413\u041e \u0412\u0420\u0415\u041c\u0415\u041d\u0418 <\/strong>&#8211; n\u00e4o biostimulatsiooni on v\u00f5imalik nautida samaaegselt keha biostimulatsiooniga!<\/p>\t\t\t\t\t\t\t\t<\/div>\n\t\t\t\t<\/div>\n\t\t\t\t\t<\/div>\n\t\t<\/div>\n\t\t\t\t\t<\/div>\n\t\t<\/section>\n\t\t\t\t<section class=\"elementor-section elementor-top-section elementor-element elementor-element-a6b18ec elementor-section-boxed elementor-section-height-default elementor-section-height-default\" data-id=\"a6b18ec\" data-element_type=\"section\" data-e-type=\"section\">\n\t\t\t\t\t\t<div class=\"elementor-container elementor-column-gap-default\">\n\t\t\t\t\t<div class=\"elementor-column elementor-col-100 elementor-top-column elementor-element elementor-element-cad62c5\" data-id=\"cad62c5\" data-element_type=\"column\" data-e-type=\"column\">\n\t\t\t<div class=\"elementor-widget-wrap elementor-element-populated\">\n\t\t\t\t\t\t<div class=\"elementor-element elementor-element-fc33fef elementor-align-center elementor-widget elementor-widget-button\" data-id=\"fc33fef\" data-element_type=\"widget\" data-e-type=\"widget\" data-widget_type=\"button.default\">\n\t\t\t\t<div class=\"elementor-widget-container\">\n\t\t\t\t\t\t\t\t\t<div class=\"elementor-button-wrapper\">\n\t\t\t\t\t<a class=\"elementor-button elementor-button-link elementor-size-sm\" href=\"https:\/\/online.saloninfra.ee\/et\/wellness\" target=\"_blank\" rel=\"noopener\">\n\t\t\t\t\t\t<span class=\"elementor-button-content-wrapper\">\n\t\t\t\t\t\t\t\t\t<span class=\"elementor-button-text\">\u0417\u0430\u0431\u0440\u043e\u043d\u0438\u0440\u043e\u0432\u0430\u0442\u044c \u0432\u0440\u0435\u043c\u044f<\/span>\n\t\t\t\t\t<\/span>\n\t\t\t\t\t<\/a>\n\t\t\t\t<\/div>\n\t\t\t\t\t\t\t\t<\/div>\n\t\t\t\t<\/div>\n\t\t\t\t\t<\/div>\n\t\t<\/div>\n\t\t\t\t\t<\/div>\n\t\t<\/section>\n\t\t\t\t<section class=\"elementor-section elementor-top-section elementor-element elementor-element-9ef4d6d elementor-section-boxed elementor-section-height-default elementor-section-height-default\" data-id=\"9ef4d6d\" data-element_type=\"section\" data-e-type=\"section\">\n\t\t\t\t\t\t<div class=\"elementor-container elementor-column-gap-default\">\n\t\t\t\t\t<div class=\"elementor-column elementor-col-100 elementor-top-column elementor-element elementor-element-9cb40e6\" data-id=\"9cb40e6\" data-element_type=\"column\" data-e-type=\"column\">\n\t\t\t<div class=\"elementor-widget-wrap elementor-element-populated\">\n\t\t\t\t\t\t<div class=\"elementor-element elementor-element-2e736d1 elementor-widget elementor-widget-video\" data-id=\"2e736d1\" data-element_type=\"widget\" data-e-type=\"widget\" data-settings=\"{&quot;youtube_url&quot;:&quot;https:\\\/\\\/www.youtube.com\\\/watch?v=ZojoVqUyYNw&quot;,&quot;video_type&quot;:&quot;youtube&quot;,&quot;controls&quot;:&quot;yes&quot;}\" data-widget_type=\"video.default\">\n\t\t\t\t<div class=\"elementor-widget-container\">\n\t\t\t\t\t\t\t<div class=\"elementor-wrapper elementor-open-inline\">\n\t\t\t<div class=\"elementor-video\"><\/div>\t\t<\/div>\n\t\t\t\t\t\t<\/div>\n\t\t\t\t<\/div>\n\t\t\t\t\t<\/div>\n\t\t<\/div>\n\t\t\t\t\t<\/div>\n\t\t<\/section>\n\t\t\t\t<\/div>","protected":false},"excerpt":{"rendered":"<p>N\u00e4olihaste treening N\u00e4olihaste treening DREAMSHAPER\u2122 Biostimulatsioon Express. Aitame sul saavutada noorusliku, s\u00e4rava ja trimmis n\u00e4o. T\u00e4nu n\u00e4olihaste treeningule on n\u00e4gu paremas toonuses. Mis on n\u00e4olihaste treening? N\u00e4olihaste treening on alternatiiv n\u00e4ojoogale ja massaa\u017eile. N\u00e4os on \u00fcle 40 lihase, mida saad treenida samamoodi nagu enda keha.\u00a0 Milline on n\u00e4olihaste treeningu protsess? [&hellip;]<\/p>\n","protected":false},"author":2,"featured_media":0,"parent":0,"menu_order":0,"comment_status":"closed","ping_status":"closed","template":"page-templates\/template-fullwidth.php","meta":{"footnotes":""},"class_list":["post-1610","page","type-page","status-publish","hentry"],"jetpack_sharing_enabled":true,"_links":{"self":[{"href":"https:\/\/bodytone.ee\/ru\/wp-json\/wp\/v2\/pages\/1610","targetHints":{"allow":["GET"]}}],"collection":[{"href":"https:\/\/bodytone.ee\/ru\/wp-json\/wp\/v2\/pages"}],"about":[{"href":"https:\/\/bodytone.ee\/ru\/wp-json\/wp\/v2\/types\/page"}],"author":[{"embeddable":true,"href":"https:\/\/bodytone.ee\/ru\/wp-json\/wp\/v2\/users\/2"}],"replies":[{"embeddable":true,"href":"https:\/\/bodytone.ee\/ru\/wp-json\/wp\/v2\/comments?post=1610"}],"version-history":[{"count":27,"href":"https:\/\/bodytone.ee\/ru\/wp-json\/wp\/v2\/pages\/1610\/revisions"}],"predecessor-version":[{"id":2075,"href":"https:\/\/bodytone.ee\/ru\/wp-json\/wp\/v2\/pages\/1610\/revisions\/2075"}],"wp:attachment":[{"href":"https:\/\/bodytone.ee\/ru\/wp-json\/wp\/v2\/media?parent=1610"}],"curies":[{"name":"wp","href":"https:\/\/api.w.org\/{rel}","templated":true}]}}