{"id":1622,"date":"2024-11-06T19:34:34","date_gmt":"2024-11-06T19:34:34","guid":{"rendered":"https:\/\/bodytone.ee\/?page_id=1622"},"modified":"2026-03-04T10:13:25","modified_gmt":"2026-03-04T10:13:25","slug":"mittekirurgiline-facelift-bodytone-tallinn","status":"publish","type":"page","link":"https:\/\/bodytone.ee\/ru\/mittekirurgiline-facelift-bodytone-tallinn\/","title":{"rendered":"Mittekirurgiline facelift\u200b"},"content":{"rendered":"<div data-elementor-type=\"wp-page\" data-elementor-id=\"1622\" class=\"elementor elementor-1622\">\n\t\t\t\t\t\t<section class=\"elementor-section elementor-top-section elementor-element elementor-element-72ac016 elementor-section-boxed elementor-section-height-default elementor-section-height-default\" data-id=\"72ac016\" data-element_type=\"section\" data-e-type=\"section\">\n\t\t\t\t\t\t<div class=\"elementor-container elementor-column-gap-default\">\n\t\t\t\t\t<div class=\"elementor-column elementor-col-100 elementor-top-column elementor-element elementor-element-55a5c32\" data-id=\"55a5c32\" data-element_type=\"column\" data-e-type=\"column\">\n\t\t\t<div class=\"elementor-widget-wrap\">\n\t\t\t\t\t\t\t<\/div>\n\t\t<\/div>\n\t\t\t\t\t<\/div>\n\t\t<\/section>\n\t\t\t\t<section class=\"elementor-section elementor-top-section elementor-element elementor-element-9634e13 elementor-section-boxed elementor-section-height-default elementor-section-height-default\" data-id=\"9634e13\" data-element_type=\"section\" data-e-type=\"section\">\n\t\t\t\t\t\t<div class=\"elementor-container elementor-column-gap-default\">\n\t\t\t\t\t<div class=\"elementor-column elementor-col-100 elementor-top-column elementor-element elementor-element-7a71e23\" data-id=\"7a71e23\" data-element_type=\"column\" data-e-type=\"column\">\n\t\t\t<div class=\"elementor-widget-wrap elementor-element-populated\">\n\t\t\t\t\t\t<div class=\"elementor-element elementor-element-d282e28 elementor-widget elementor-widget-spacer\" data-id=\"d282e28\" data-element_type=\"widget\" data-e-type=\"widget\" data-widget_type=\"spacer.default\">\n\t\t\t\t<div class=\"elementor-widget-container\">\n\t\t\t\t\t\t\t<div class=\"elementor-spacer\">\n\t\t\t<div class=\"elementor-spacer-inner\"><\/div>\n\t\t<\/div>\n\t\t\t\t\t\t<\/div>\n\t\t\t\t<\/div>\n\t\t\t\t\t<\/div>\n\t\t<\/div>\n\t\t\t\t\t<\/div>\n\t\t<\/section>\n\t\t\t\t<section class=\"elementor-section elementor-top-section elementor-element elementor-element-d7f55fe elementor-section-boxed elementor-section-height-default elementor-section-height-default\" data-id=\"d7f55fe\" data-element_type=\"section\" data-e-type=\"section\">\n\t\t\t\t\t\t<div class=\"elementor-container elementor-column-gap-default\">\n\t\t\t\t\t<div class=\"elementor-column elementor-col-100 elementor-top-column elementor-element elementor-element-029b0ab\" data-id=\"029b0ab\" data-element_type=\"column\" data-e-type=\"column\">\n\t\t\t<div class=\"elementor-widget-wrap elementor-element-populated\">\n\t\t\t\t\t\t<div class=\"elementor-element elementor-element-5f995b2 elementor-widget elementor-widget-heading\" data-id=\"5f995b2\" data-element_type=\"widget\" data-e-type=\"widget\" data-widget_type=\"heading.default\">\n\t\t\t\t<div class=\"elementor-widget-container\">\n\t\t\t\t\t<h1 class=\"elementor-heading-title elementor-size-default\">N\u00e4olihaseid ja -nahka pinguldav hooldus<\/span><\/h1>\t\t\t\t<\/div>\n\t\t\t\t<\/div>\n\t\t\t\t<div class=\"elementor-element elementor-element-76005c2 elementor-widget elementor-widget-text-editor\" data-id=\"76005c2\" data-element_type=\"widget\" data-e-type=\"widget\" data-widget_type=\"text-editor.default\">\n\t\t\t\t<div class=\"elementor-widget-container\">\n\t\t\t\t\t\t\t\t\t<p><strong>Mittekirurgiline facelift DREAMSHAPER\u2122 Biostimulatsioon Lux.&nbsp;<\/strong><span style=\"font-size: inherit;\">Selle luksusliku hoolduse puhul on tegemist n\u00e4olihaseid ja -nahka pinguldava hooldusega (facelift). Facelift on ilukirurgia ja -s\u00fcstide alternatiiv.&nbsp;<\/span>Lase end hellitada ning saavuta nooruslikum v\u00e4limus ning paremas toonuses n\u00e4gu.<\/p>\n<h2>Mis on n\u00e4olihaseid- ja nahka pinguldav hooldus?<\/h2>\n<ol>\n<li>K\u00f5igepealt puhastab terapeut sinu n\u00e4onaha.<\/li>\n<li>Sellele j\u00e4rgneb nn n\u00e4olihaste treening (esimesel korral v\u00f5ib olla natukene harjumatu, et n\u00e4gu hakkab tegema harjumatuid liigutusi \u2013 lase ennast lihtsalt l\u00f5dvaks ja naudi). Ainus meetod, millega on v\u00f5imalik t\u00f6\u00f6delda korraga k\u00f5iki n\u00e4olihaseid!<\/li>\n<li>Lux hoolduses j\u00e4rgneb n\u00e4omassaa\u017e\/ultrahelihooldus.<\/li>\n<li>L\u00f5puks kantakse nahale just sinu vajadusi arvestav n\u00e4okreem.<\/li>\n<\/ol>\n<h2>Tulemused: pinguldatud nahk ja nooruslikum v\u00e4limus<\/h2>\n<p>N\u00e4gu, ja eriti p\u00f5sed, on paremas toonuses ning vereringe elavneb. Efekt avaldub j\u00e4rgmisel-\u00fclej\u00e4rgmisel p\u00e4eval. Soovitame l\u00e4bida, s\u00f5ltuvalt probleemidest ja naha seisundist, 6\u201312 protseduurist koosnevat kuuri sagedusega 1-2x n\u00e4dalas- n\u00e4ojooned muutuvad j\u00e4rk-j\u00e4rgult nooruslikumaks, l\u00f5uajoon teravneb, l\u00f5tvunud nahk ja lihased saavad tagasi oma toonuse, samuti v\u00e4henevad kortsud.<\/p>\n<h2>Kellele sobib mittekirurgiline facelift?<\/h2>\n<p>Neile, kes soovivad lahendada erinevaid kosmeetilisi probleeme, nt n\u00e4olihaste toonuse v\u00e4henemine, kortsud, n\u00e4okontuuride allavajumine, tumedad ringid ja \u201ckotid\u201d silmade all, eba\u00fchtlane jume, laienenud poorid, deh\u00fcdreeritud v\u00f5i probleemne nahk.<\/p>\n<h2>Millised on vastun\u00e4idustused?<\/h2>\n<p>Erinevad kilpn\u00e4\u00e4rme haigused, kontaktdermatiit, p\u00e4ikesep\u00f5letus, botuliintoksiini s\u00fcstid ja\/ v\u00f5i silikoon-, kollageen- v\u00f5i analoogsete implantaatide olemasolu (nendele piirkondadele elektroode ei asetata).<\/p>\n<h2>Protsessi eelised:<\/h2>\n<p>P\u00fcsikliendid kiidavad, et hoolitsust saab \u00fchildada igakuise kosmeetilise hoolduse intensiivse n\u00e4otrenniga \u2013 kaks \u00fches. Samuti on p\u00f5sed paremas toonuses.<\/p>\n<h2><\/h2>\n<p><strong>\u042d\u041a\u041e\u041d\u041e\u041c\u0418\u042f \u0426\u0415\u041d\u041d\u041e\u0413\u041e \u0412\u0420\u0415\u041c\u0415\u041d\u0418 <\/strong>\u2013 n\u00e4o biostimulatsiooni on v\u00f5imalik nautida samaaegselt keha biostimulatsiooniga!<\/p>\t\t\t\t\t\t\t\t<\/div>\n\t\t\t\t<\/div>\n\t\t\t\t<div class=\"elementor-element elementor-element-27e06f1 elementor-align-center elementor-widget elementor-widget-button\" data-id=\"27e06f1\" data-element_type=\"widget\" data-e-type=\"widget\" data-widget_type=\"button.default\">\n\t\t\t\t<div class=\"elementor-widget-container\">\n\t\t\t\t\t\t\t\t\t<div class=\"elementor-button-wrapper\">\n\t\t\t\t\t<a class=\"elementor-button elementor-button-link elementor-size-sm\" href=\"https:\/\/online.saloninfra.ee\/et\/wellness\" target=\"_blank\" rel=\"noopener\">\n\t\t\t\t\t\t<span class=\"elementor-button-content-wrapper\">\n\t\t\t\t\t\t\t\t\t<span class=\"elementor-button-text\">\u0417\u0430\u0431\u0440\u043e\u043d\u0438\u0440\u043e\u0432\u0430\u0442\u044c \u0432\u0440\u0435\u043c\u044f<\/span>\n\t\t\t\t\t<\/span>\n\t\t\t\t\t<\/a>\n\t\t\t\t<\/div>\n\t\t\t\t\t\t\t\t<\/div>\n\t\t\t\t<\/div>\n\t\t\t\t\t<\/div>\n\t\t<\/div>\n\t\t\t\t\t<\/div>\n\t\t<\/section>\n\t\t\t\t<section class=\"elementor-section elementor-top-section elementor-element elementor-element-463ec1b elementor-section-boxed elementor-section-height-default elementor-section-height-default\" data-id=\"463ec1b\" data-element_type=\"section\" data-e-type=\"section\">\n\t\t\t\t\t\t<div class=\"elementor-container elementor-column-gap-default\">\n\t\t\t\t\t<div class=\"elementor-column elementor-col-100 elementor-top-column elementor-element elementor-element-e738c1f\" data-id=\"e738c1f\" data-element_type=\"column\" data-e-type=\"column\">\n\t\t\t<div class=\"elementor-widget-wrap elementor-element-populated\">\n\t\t\t\t\t\t<div class=\"elementor-element elementor-element-ec58922 elementor-widget elementor-widget-video\" data-id=\"ec58922\" data-element_type=\"widget\" data-e-type=\"widget\" data-settings=\"{&quot;youtube_url&quot;:&quot;https:\\\/\\\/www.youtube.com\\\/watch?v=ZojoVqUyYNw&quot;,&quot;start&quot;:31,&quot;end&quot;:43,&quot;video_type&quot;:&quot;youtube&quot;,&quot;controls&quot;:&quot;yes&quot;}\" data-widget_type=\"video.default\">\n\t\t\t\t<div class=\"elementor-widget-container\">\n\t\t\t\t\t\t\t<div class=\"elementor-wrapper elementor-open-inline\">\n\t\t\t<div class=\"elementor-video\"><\/div>\t\t<\/div>\n\t\t\t\t\t\t<\/div>\n\t\t\t\t<\/div>\n\t\t\t\t\t<\/div>\n\t\t<\/div>\n\t\t\t\t\t<\/div>\n\t\t<\/section>\n\t\t\t\t<\/div>","protected":false},"excerpt":{"rendered":"<p>N\u00e4olihaseid ja -nahka pinguldav hooldus Mittekirurgiline facelift DREAMSHAPER\u2122 Biostimulatsioon Lux.&nbsp;Selle luksusliku hoolduse puhul on tegemist n\u00e4olihaseid ja -nahka pinguldava hooldusega (facelift). Facelift on ilukirurgia ja -s\u00fcstide alternatiiv.&nbsp;Lase end hellitada ning saavuta nooruslikum v\u00e4limus ning paremas toonuses n\u00e4gu. Mis on n\u00e4olihaseid- ja nahka pinguldav hooldus? K\u00f5igepealt puhastab terapeut sinu n\u00e4onaha. Sellele [&hellip;]<\/p>\n","protected":false},"author":2,"featured_media":0,"parent":0,"menu_order":0,"comment_status":"closed","ping_status":"closed","template":"page-templates\/template-fullwidth.php","meta":{"footnotes":""},"class_list":["post-1622","page","type-page","status-publish","hentry"],"jetpack_sharing_enabled":true,"_links":{"self":[{"href":"https:\/\/bodytone.ee\/ru\/wp-json\/wp\/v2\/pages\/1622","targetHints":{"allow":["GET"]}}],"collection":[{"href":"https:\/\/bodytone.ee\/ru\/wp-json\/wp\/v2\/pages"}],"about":[{"href":"https:\/\/bodytone.ee\/ru\/wp-json\/wp\/v2\/types\/page"}],"author":[{"embeddable":true,"href":"https:\/\/bodytone.ee\/ru\/wp-json\/wp\/v2\/users\/2"}],"replies":[{"embeddable":true,"href":"https:\/\/bodytone.ee\/ru\/wp-json\/wp\/v2\/comments?post=1622"}],"version-history":[{"count":36,"href":"https:\/\/bodytone.ee\/ru\/wp-json\/wp\/v2\/pages\/1622\/revisions"}],"predecessor-version":[{"id":2069,"href":"https:\/\/bodytone.ee\/ru\/wp-json\/wp\/v2\/pages\/1622\/revisions\/2069"}],"wp:attachment":[{"href":"https:\/\/bodytone.ee\/ru\/wp-json\/wp\/v2\/media?parent=1622"}],"curies":[{"name":"wp","href":"https:\/\/api.w.org\/{rel}","templated":true}]}}