{"id":1629,"date":"2024-11-06T19:38:32","date_gmt":"2024-11-06T19:38:32","guid":{"rendered":"https:\/\/bodytone.ee\/?page_id=1629"},"modified":"2025-02-13T19:04:21","modified_gmt":"2025-02-13T19:04:21","slug":"naonaha-noorendamine","status":"publish","type":"page","link":"https:\/\/bodytone.ee\/ru\/naonaha-noorendamine\/","title":{"rendered":"N\u00e4onaha noorendamine\u200b"},"content":{"rendered":"<div data-elementor-type=\"wp-page\" data-elementor-id=\"1629\" class=\"elementor elementor-1629\">\n\t\t\t\t\t\t<section class=\"elementor-section elementor-top-section elementor-element elementor-element-72ac016 elementor-section-boxed elementor-section-height-default elementor-section-height-default\" data-id=\"72ac016\" data-element_type=\"section\" data-e-type=\"section\">\n\t\t\t\t\t\t<div class=\"elementor-container elementor-column-gap-default\">\n\t\t\t\t\t<div class=\"elementor-column elementor-col-100 elementor-top-column elementor-element elementor-element-55a5c32\" data-id=\"55a5c32\" data-element_type=\"column\" data-e-type=\"column\">\n\t\t\t<div class=\"elementor-widget-wrap\">\n\t\t\t\t\t\t\t<\/div>\n\t\t<\/div>\n\t\t\t\t\t<\/div>\n\t\t<\/section>\n\t\t\t\t<section class=\"elementor-section elementor-top-section elementor-element elementor-element-9634e13 elementor-section-boxed elementor-section-height-default elementor-section-height-default\" data-id=\"9634e13\" data-element_type=\"section\" data-e-type=\"section\">\n\t\t\t\t\t\t<div class=\"elementor-container elementor-column-gap-default\">\n\t\t\t\t\t<div class=\"elementor-column elementor-col-100 elementor-top-column elementor-element elementor-element-7a71e23\" data-id=\"7a71e23\" data-element_type=\"column\" data-e-type=\"column\">\n\t\t\t<div class=\"elementor-widget-wrap elementor-element-populated\">\n\t\t\t\t\t\t<div class=\"elementor-element elementor-element-d282e28 elementor-widget elementor-widget-spacer\" data-id=\"d282e28\" data-element_type=\"widget\" data-e-type=\"widget\" data-widget_type=\"spacer.default\">\n\t\t\t\t<div class=\"elementor-widget-container\">\n\t\t\t\t\t\t\t<div class=\"elementor-spacer\">\n\t\t\t<div class=\"elementor-spacer-inner\"><\/div>\n\t\t<\/div>\n\t\t\t\t\t\t<\/div>\n\t\t\t\t<\/div>\n\t\t\t\t\t<\/div>\n\t\t<\/div>\n\t\t\t\t\t<\/div>\n\t\t<\/section>\n\t\t\t\t<section class=\"elementor-section elementor-top-section elementor-element elementor-element-d7f55fe elementor-section-boxed elementor-section-height-default elementor-section-height-default\" data-id=\"d7f55fe\" data-element_type=\"section\" data-e-type=\"section\">\n\t\t\t\t\t\t<div class=\"elementor-container elementor-column-gap-default\">\n\t\t\t\t\t<div class=\"elementor-column elementor-col-100 elementor-top-column elementor-element elementor-element-029b0ab\" data-id=\"029b0ab\" data-element_type=\"column\" data-e-type=\"column\">\n\t\t\t<div class=\"elementor-widget-wrap elementor-element-populated\">\n\t\t\t\t\t\t<div class=\"elementor-element elementor-element-5f995b2 elementor-widget elementor-widget-heading\" data-id=\"5f995b2\" data-element_type=\"widget\" data-e-type=\"widget\" data-widget_type=\"heading.default\">\n\t\t\t\t<div class=\"elementor-widget-container\">\n\t\t\t\t\t<h1 class=\"elementor-heading-title elementor-size-default\">N\u00e4onaha noorendamine<\/h1>\t\t\t\t<\/div>\n\t\t\t\t<\/div>\n\t\t\t\t<div class=\"elementor-element elementor-element-76005c2 elementor-widget elementor-widget-text-editor\" data-id=\"76005c2\" data-element_type=\"widget\" data-e-type=\"widget\" data-widget_type=\"text-editor.default\">\n\t\t\t\t<div class=\"elementor-widget-container\">\n\t\t\t\t\t\t\t\t\t<p><span><strong>N\u00e4onaha noorendamine DREAMSHAPER\u2122 ulraheli\/mikrovoolud.&nbsp;<\/strong><\/span>Nooruslikum ja s\u00e4ravam nahk juba peale esimest hooldust!&nbsp;<span style=\"font-size: inherit;\">Meie salongi professionaalsed n\u00e4onaha noorendamise hooldused aitavad v\u00e4hendada kortse ja parandada naha elastsust.<\/span><\/p>\n<h2>Mis on n\u00e4onaha noorendamine?<\/h2>\n<ol>\n<li>K\u00f5igepealt terapeut puhastab ja koorib sinu n\u00e4onaha.<\/li>\n<li>Seej\u00e4rel valib terapeut sinu n\u00e4onaha vajadustele sobiva seerumgeeli, mis tagab tulemused rakutasandil. Sule silmad ja naudi masseerivaid liigutusi kergelt soojust kiirgava otsikuga.<\/li>\n<li>Vastavalt sinu vajadustele kombineerib terapeut ultraheli mikrovooludega (pindmiste kortsude silumine silma\u00fcmbruses, tumedate ringide v\u00e4hendamine jms).<\/li>\n<li>L\u00f5puks kantakse peale sinu nahale sobivaimad kreemid (niisutav\/matistav\/toitev).<\/li>\n<\/ol>\n<h2>Tulemused &#8211; pinguldatud nahk ja v\u00e4hem kortse<\/h2>\n<p>Hoolitsus elustab, toidab, pinguldab ja trimmib sinu nahka. Vananemisvastase toimega, ideaalne kortsude v\u00e4hendamiseks (suureneb fibroplastide proteiinide s\u00fcntees ja kollageeni produktsioon). P\u00f5letikuvastase toimega, v\u00e4hendab p\u00f5letikuliste kollete teket, parandab aknelist nahka ja pehmendab armkude.<\/p>\n<h2>Kellele sobib n\u00e4onaha noorendamise hooldus?<\/h2>\n<p>N\u00e4onaha noorendamise hoolitsus sobib k\u00f5igile. Soovitame l\u00e4bida, s\u00f5ltuvalt probleemidest ja naha seisundist, 6 protseduurist koosnevat kuuri.<\/p>\n<h2>Mis on n\u00e4onaha noorendamise eelised?&nbsp;<\/h2>\n<p>Meie p\u00fcsikliendid kiidavad ning m\u00f5ni on \u00f6elnud, et selles hoolduses k\u00e4ies on nahk nii ilus, et pole meiki vaja kasutadagi. Hoolduse ajal on oht magama j\u00e4\u00e4da, sest see on nii l\u00f5\u00f5gastav.<\/p>\t\t\t\t\t\t\t\t<\/div>\n\t\t\t\t<\/div>\n\t\t\t\t<div class=\"elementor-element elementor-element-f4edfca elementor-align-center elementor-widget elementor-widget-button\" data-id=\"f4edfca\" data-element_type=\"widget\" data-e-type=\"widget\" data-widget_type=\"button.default\">\n\t\t\t\t<div class=\"elementor-widget-container\">\n\t\t\t\t\t\t\t\t\t<div class=\"elementor-button-wrapper\">\n\t\t\t\t\t<a class=\"elementor-button elementor-button-link elementor-size-sm\" href=\"https:\/\/online.saloninfra.ee\/et\/wellness\" target=\"_blank\" rel=\"noopener\">\n\t\t\t\t\t\t<span class=\"elementor-button-content-wrapper\">\n\t\t\t\t\t\t\t\t\t<span class=\"elementor-button-text\">\u0417\u0430\u0431\u0440\u043e\u043d\u0438\u0440\u043e\u0432\u0430\u0442\u044c \u0432\u0440\u0435\u043c\u044f<\/span>\n\t\t\t\t\t<\/span>\n\t\t\t\t\t<\/a>\n\t\t\t\t<\/div>\n\t\t\t\t\t\t\t\t<\/div>\n\t\t\t\t<\/div>\n\t\t\t\t\t<\/div>\n\t\t<\/div>\n\t\t\t\t\t<\/div>\n\t\t<\/section>\n\t\t\t\t<section class=\"elementor-section elementor-top-section elementor-element elementor-element-60881c2 elementor-section-boxed elementor-section-height-default elementor-section-height-default\" data-id=\"60881c2\" data-element_type=\"section\" data-e-type=\"section\">\n\t\t\t\t\t\t<div class=\"elementor-container elementor-column-gap-default\">\n\t\t\t\t\t<div class=\"elementor-column elementor-col-100 elementor-top-column elementor-element elementor-element-532568a\" data-id=\"532568a\" data-element_type=\"column\" data-e-type=\"column\">\n\t\t\t<div class=\"elementor-widget-wrap elementor-element-populated\">\n\t\t\t\t\t\t<div class=\"elementor-element elementor-element-a07dc72 elementor-widget elementor-widget-video\" data-id=\"a07dc72\" data-element_type=\"widget\" data-e-type=\"widget\" data-settings=\"{&quot;youtube_url&quot;:&quot;https:\\\/\\\/www.youtube.com\\\/watch?v=ZojoVqUyYNw&quot;,&quot;start&quot;:31,&quot;end&quot;:43,&quot;video_type&quot;:&quot;youtube&quot;,&quot;controls&quot;:&quot;yes&quot;}\" data-widget_type=\"video.default\">\n\t\t\t\t<div class=\"elementor-widget-container\">\n\t\t\t\t\t\t\t<div class=\"elementor-wrapper elementor-open-inline\">\n\t\t\t<div class=\"elementor-video\"><\/div>\t\t<\/div>\n\t\t\t\t\t\t<\/div>\n\t\t\t\t<\/div>\n\t\t\t\t\t<\/div>\n\t\t<\/div>\n\t\t\t\t\t<\/div>\n\t\t<\/section>\n\t\t\t\t<\/div>","protected":false},"excerpt":{"rendered":"<p>N\u00e4onaha noorendamine N\u00e4onaha noorendamine DREAMSHAPER\u2122 ulraheli\/mikrovoolud.&nbsp;Nooruslikum ja s\u00e4ravam nahk juba peale esimest hooldust!&nbsp;Meie salongi professionaalsed n\u00e4onaha noorendamise hooldused aitavad v\u00e4hendada kortse ja parandada naha elastsust. Mis on n\u00e4onaha noorendamine? K\u00f5igepealt terapeut puhastab ja koorib sinu n\u00e4onaha. Seej\u00e4rel valib terapeut sinu n\u00e4onaha vajadustele sobiva seerumgeeli, mis tagab tulemused rakutasandil. Sule silmad [&hellip;]<\/p>\n","protected":false},"author":2,"featured_media":0,"parent":0,"menu_order":0,"comment_status":"closed","ping_status":"closed","template":"page-templates\/template-fullwidth.php","meta":{"footnotes":""},"class_list":["post-1629","page","type-page","status-publish","hentry"],"jetpack_sharing_enabled":true,"_links":{"self":[{"href":"https:\/\/bodytone.ee\/ru\/wp-json\/wp\/v2\/pages\/1629","targetHints":{"allow":["GET"]}}],"collection":[{"href":"https:\/\/bodytone.ee\/ru\/wp-json\/wp\/v2\/pages"}],"about":[{"href":"https:\/\/bodytone.ee\/ru\/wp-json\/wp\/v2\/types\/page"}],"author":[{"embeddable":true,"href":"https:\/\/bodytone.ee\/ru\/wp-json\/wp\/v2\/users\/2"}],"replies":[{"embeddable":true,"href":"https:\/\/bodytone.ee\/ru\/wp-json\/wp\/v2\/comments?post=1629"}],"version-history":[{"count":30,"href":"https:\/\/bodytone.ee\/ru\/wp-json\/wp\/v2\/pages\/1629\/revisions"}],"predecessor-version":[{"id":2072,"href":"https:\/\/bodytone.ee\/ru\/wp-json\/wp\/v2\/pages\/1629\/revisions\/2072"}],"wp:attachment":[{"href":"https:\/\/bodytone.ee\/ru\/wp-json\/wp\/v2\/media?parent=1629"}],"curies":[{"name":"wp","href":"https:\/\/api.w.org\/{rel}","templated":true}]}}