{"id":17,"date":"2020-01-18T07:48:17","date_gmt":"2020-01-18T07:48:17","guid":{"rendered":"http:\/\/bodytone.ee\/?page_id=17"},"modified":"2026-03-04T10:14:28","modified_gmt":"2026-03-04T10:14:28","slug":"ultratone-kehahooldus-bodytone-tallinn","status":"publish","type":"page","link":"https:\/\/bodytone.ee\/ru\/ultratone-kehahooldus-bodytone-tallinn\/","title":{"rendered":"\u041f\u0440\u043e\u0446\u0435\u0434\u0443\u0440\u044b \u0434\u043b\u044f \u0442\u0435\u043b\u0430 Ultratone"},"content":{"rendered":"<h1>ULTRATONE KEHAHOOLDUSED<\/h1>\n<p><strong>Soovid toonuses lihaseid, v\u00e4hem tselluliiti, siledamat nahka v\u00f5i lihtsalt l\u00f5\u00f5gastavat massaa\u017ei?<\/strong> ULTRATONE\u2122 on just sulle ideaalne lahendus. See pole lihtsalt \u201ev\u00f5lus\u00f5na\u201c \u2013 tulemusi kinnitavad Londoni \u00dclikooli Meditsiinikolled\u017ei neuroteadlased. Seet\u00f5ttu alustasime 2008. aastal ULTRATONE\u2122-iga \u2013 see on tervisele ohutu ja t\u00f5hus.<\/p>\n<h2>Mis on ULTRATONE\u2122 kehahooldused?<\/h2>\n<p>T\u00f5si, \u00fcks hooldus ei loo imet, kuid pakett aitab v\u00e4hendada sentimeetreid, vormida keha, toniseerida lihaseid ning v\u00e4hendada t\u00fclikat tselluliiti, et tunneksid end oma kehas paremini.<\/p>\n<h2>Miks valida ULTRATONE\u2122 protseduurid?<\/h2>\n<ul>\n<li>ULTRATONE\u2122 protseduuridel saab m\u00f5jutada korraga mitut eri kehapiirkonda ja lisaks ka k\u00f5iki n\u00e4olihaseid.&nbsp;<\/li>\n<li>ULTRATONE\u2122 protseduurid m\u00f5jutavad lisaks lihastele ka nahka, nahaaluskudet, rasvkudet, vere-ja l\u00fcmfiringet. K\u00f5ik programmid on personaalselt kohandatavad t\u00e4nu tipptehnoloogiale.&nbsp;<\/li>\n<li>ULTRATONE\u2122 meeskond on elektristimulatsiooni vallas maailmas kogenuim t\u00e4nu \u00fcle 65 aasta teaduslikele uuringutele.<\/li>\n<li>ULTRATONE\u2122 protseduurid ja tehnoloogia vastavad FDA rangetele n\u00f5uetele \u2013 see on tippkvaliteedi m\u00e4rk, mida paljud Eestis kasutusel olevad seadmed ei oma.<\/li>\n<\/ul>\n<p>\t\t\t\t\t\t\t&#8220;Iluteenuseid ja tooteid on turul t\u00f5epoolest tohutult palju. Minu valik on Ultratone. See sobib ideaalselt just perioodil, mil tihe graafik istutab su v\u00e4gisi arvuti taha. Hea on v\u00f5tta siis \u201ekontor\u201c kaasa, k\u00e4ia vahelduseks protseduuril, toimetades samal ajal mailide ja failidega. Iga kord r\u00f5\u00f5mustab mind selle juures rutiinivabadus \u2013 sest tunne ei ole kunagi sama! Olulisem veelgi on aga t\u00f5husus. Koost\u00f6\u00f6s kehaterapeudiga oleme seadnud reaalsed eesm\u00e4rgid ning Ultratone abiga oleme need saavutatud.&#8221;<br \/>\n\t\t\t\t\t\t\t<img decoding=\"async\" width=\"150\" height=\"150\" src=\"http:\/\/bodytone.ee\/wp-content\/uploads\/2020\/04\/DSC0381-150x150.jpg\" alt=\"Ithaka Maria BodyTone\" \/><br \/>\n\t\t\t\t\t\t\t\t\t\t\t\t\t\t\u0418\u0442\u0430\u043a\u0430-\u041c\u0430\u0440\u0438\u044f<br \/>\n\t\t\t\t\t\t\t\t\t\t\t\t\t\t\t\t\t\t\t\t\t\t\u041f\u0415\u0412\u0418\u0426\u0410<\/p>\n<p><b>\u0415\u0441\u043b\u0438 \u0432\u044b \u043d\u0435 \u0437\u043d\u0430\u0435\u0442\u0435 \u0442\u043e\u0447\u043d\u043e, \u0441 \u0447\u0435\u0433\u043e \u043d\u0430\u0447\u0430\u0442\u044c, \u043f\u0440\u0438\u0445\u043e\u0434\u0438\u0442\u0435 \u043d\u0430 \u043a\u043e\u043d\u0441\u0443\u043b\u044c\u0442\u0430\u0446\u0438\u044e \u2013 \u043c\u044b \u043d\u0430\u0447\u043d\u0435\u043c \u0432\u043c\u0435\u0441\u0442\u0435!\u00a0 <\/b>\u00a0\u00a0<\/p>\n<p>\t\t\t\t\t<a href=\"https:\/\/online.saloninfra.ee\/et\/wellness\" target=\"_blank\" rel=\"noopener\"><br \/>\n\t\t\t\t\t\t\t\t\t\u0417\u0430\u0431\u0440\u043e\u043d\u0438\u0440\u043e\u0432\u0430\u0442\u044c \u0432\u0440\u0435\u043c\u044f<br \/>\n\t\t\t\t\t<\/a><\/p>","protected":false},"excerpt":{"rendered":"<p>ULTRATONE KEHAHOOLDUSED Soovid toonuses lihaseid, v\u00e4hem tselluliiti, siledamat nahka v\u00f5i lihtsalt l\u00f5\u00f5gastavat massaa\u017ei? ULTRATONE\u2122 on just sulle ideaalne lahendus. See pole lihtsalt \u201ev\u00f5lus\u00f5na\u201c \u2013 tulemusi kinnitavad Londoni \u00dclikooli Meditsiinikolled\u017ei neuroteadlased. Seet\u00f5ttu alustasime 2008. aastal ULTRATONE\u2122-iga \u2013 see on tervisele ohutu ja t\u00f5hus. Mis on ULTRATONE\u2122 kehahooldused? T\u00f5si, \u00fcks hooldus ei [&hellip;]<\/p>\n","protected":false},"author":1,"featured_media":0,"parent":0,"menu_order":0,"comment_status":"closed","ping_status":"closed","template":"page-templates\/template-fullwidth.php","meta":{"footnotes":""},"class_list":["post-17","page","type-page","status-publish","hentry"],"jetpack_sharing_enabled":true,"_links":{"self":[{"href":"https:\/\/bodytone.ee\/ru\/wp-json\/wp\/v2\/pages\/17","targetHints":{"allow":["GET"]}}],"collection":[{"href":"https:\/\/bodytone.ee\/ru\/wp-json\/wp\/v2\/pages"}],"about":[{"href":"https:\/\/bodytone.ee\/ru\/wp-json\/wp\/v2\/types\/page"}],"author":[{"embeddable":true,"href":"https:\/\/bodytone.ee\/ru\/wp-json\/wp\/v2\/users\/1"}],"replies":[{"embeddable":true,"href":"https:\/\/bodytone.ee\/ru\/wp-json\/wp\/v2\/comments?post=17"}],"version-history":[{"count":218,"href":"https:\/\/bodytone.ee\/ru\/wp-json\/wp\/v2\/pages\/17\/revisions"}],"predecessor-version":[{"id":2011,"href":"https:\/\/bodytone.ee\/ru\/wp-json\/wp\/v2\/pages\/17\/revisions\/2011"}],"wp:attachment":[{"href":"https:\/\/bodytone.ee\/ru\/wp-json\/wp\/v2\/media?parent=17"}],"curies":[{"name":"wp","href":"https:\/\/api.w.org\/{rel}","templated":true}]}}