{"id":49,"date":"2020-02-10T08:02:55","date_gmt":"2020-02-10T08:02:55","guid":{"rendered":"http:\/\/bodytone.ee\/?page_id=49"},"modified":"2026-02-07T22:17:57","modified_gmt":"2026-02-07T22:17:57","slug":"teipimine","status":"publish","type":"page","link":"https:\/\/bodytone.ee\/ru\/teipimine\/","title":{"rendered":"\u041a\u0438\u043d\u0435\u0437\u0438\u043e\u0442\u0435\u0439\u043f\u0438\u0440\u043e\u0432\u0430\u043d\u0438\u0435"},"content":{"rendered":"<h4>\u041b\u0438\u043c\u0444\u043e\u0442\u0435\u0439\u043f\u0438\u0440\u043e\u0432\u0430\u043d\u0438\u0435<\/h4>\n<ul>\n<li>\u0423\u043c\u0435\u043d\u044c\u0448\u0430\u0435\u0442 \u0431\u043e\u043b\u044c \u0432 \u043a\u043e\u0436\u0435 \u0438 \u043f\u043e\u0434\u043a\u043e\u0436\u043d\u043e\u0439 \u0442\u043a\u0430\u043d\u0438 (\u0443\u0432\u0435\u043b\u0438\u0447\u0435\u043d\u0438\u0435 \u043f\u043e\u0434\u043a\u043e\u0436\u043d\u043e\u0433\u043e \u043f\u0440\u043e\u0441\u0442\u0440\u0430\u043d\u0441\u0442\u0432\u0430). \u042d\u043b\u0430\u0441\u0442\u0438\u0447\u043d\u043e\u0441\u0442\u044c \u0442\u0435\u0439\u043f\u0430 \u0432\u043e \u0432\u0440\u0435\u043c\u044f \u0434\u0432\u0438\u0436\u0435\u043d\u0438\u044f \u0441\u043e\u0437\u0434\u0430\u0435\u0442 \u043b\u0435\u0433\u043a\u0438\u0439 \u043c\u0430\u0441\u0441\u0430\u0436\u043d\u044b\u0439 \u044d\u0444\u0444\u0435\u043a\u0442, \u0443\u043b\u0443\u0447\u0448\u0430\u044f \u0446\u0438\u0440\u043a\u0443\u043b\u044f\u0446\u0438\u044e;<\/li>\n<li>\u041d\u043e\u0440\u043c\u0430\u043b\u0438\u0437\u0438\u0440\u0443\u0435\u0442 \u043c\u044b\u0448\u0435\u0447\u043d\u0443\u044e \u0444\u0443\u043d\u043a\u0446\u0438\u044e (\u043f\u0435\u0440\u0435\u0433\u0440\u0443\u0437\u043a\u0430, \u0432\u043e\u0441\u043f\u0430\u043b\u0435\u043d\u0438\u0435 \u043c\u044b\u0448\u0446, \u0441\u043b\u0430\u0431\u044b\u0435 \u043c\u044b\u0448\u0446\u044b);<\/li>\n<li>\u0414\u0438\u0441\u0431\u0430\u043b\u0430\u043d\u0441 \u0432 \u043c\u044b\u0448\u0446\u0430\u0445;<\/li>\n<li>\u0423\u0441\u043a\u043e\u0440\u044f\u0435\u0442 \u0432\u043e\u0441\u0441\u0442\u0430\u043d\u043e\u0432\u043b\u0435\u043d\u0438\u0435 \u0440\u0443\u0431\u0446\u043e\u0432\u043e\u0439 \u0442\u043a\u0430\u043d\u0438;<\/li>\n<li>\u0423\u0441\u043a\u043e\u0440\u044f\u0435\u0442 \u0437\u0430\u0436\u0438\u0432\u043b\u0435\u043d\u0438\u0435 \u0440\u0430\u043d;<\/li>\n<li>\u0423\u043c\u0435\u043d\u044c\u0448\u0430\u0435\u0442 \u0432\u043e\u0441\u043f\u0430\u043b\u0435\u043d\u0438\u0435 \u0438 \u043e\u0442\u0435\u043a\u0438.<\/li>\n<\/ul>\n<h4>\u0422\u0435\u0439\u043f\u0438\u0440\u043e\u0432\u0430\u043d\u0438\u0435 \u0440\u0443\u0431\u0446\u043e\u0432\u043e\u0439 \u0442\u043a\u0430\u043d\u0438<\/h4>\n<p>\u0420\u0435\u043a\u043e\u043c\u0435\u043d\u0434\u0443\u0435\u043c \u0434\u0435\u043b\u0430\u0442\u044c \u0442\u0435\u0439\u043f\u0438\u0440\u043e\u0432\u0430\u043d\u0438\u0435 \u0448\u0440\u0430\u043c\u043e\u0432 \u043e\u0442 \u043a\u0435\u0441\u0430\u0440\u0435\u0432\u0430 \u0441\u0435\u0447\u0435\u043d\u0438\u044f \u0438 \u0434\u0440\u0443\u0433\u0438\u0445 \u043e\u043f\u0435\u0440\u0430\u0446\u0438\u0439 \u0432 \u043e\u0431\u043b\u0430\u0441\u0442\u0438 \u0436\u0438\u0432\u043e\u0442\u0430. \u041f\u043e \u043c\u0435\u0440\u0435 \u043d\u0435\u043e\u0431\u0445\u043e\u0434\u0438\u043c\u043e\u0441\u0442\u0438 \u0442\u0430\u043a\u0436\u0435 \u043f\u043e\u043a\u0430\u0437\u0430\u043d \u043b\u0438\u043c\u0444\u0430\u0442\u0438\u0447\u0435\u0441\u043a\u0438\u0439 \u043c\u0430\u0441\u0441\u0430\u0436.<\/p>\n<h4>\u0422\u0435\u0439\u043f\u0438\u0440\u043e\u0432\u0430\u043d\u0438\u0435 \u0434\u0438\u0430\u0441\u0442\u0430\u0437\u0430<\/h4>\n<p>\u0421\u043e\u0432\u043c\u0435\u0441\u0442\u043d\u043e \u0441 \u0444\u0438\u0437\u0438\u043e\u0442\u0435\u0440\u0430\u043f\u0435\u0432\u0442\u043e\u043c \u0438\u0437 K\u00f5hukliinik \u0425\u0435\u043b\u043b\u0435 \u041d\u0443\u0440\u043c\u0441\u0430\u043b\u0443 \u043c\u044b \u0442\u0430\u043a\u0436\u0435 \u0434\u0435\u043b\u0430\u0435\u043c \u0442\u0435\u0439\u043f\u0438\u0440\u043e\u0432\u0430\u043d\u0438\u0435 \u043c\u044b\u0448\u0446 \u0436\u0438\u0432\u043e\u0442\u0430 \u043a\u0430\u043a \u0432\u043e \u0432\u0440\u0435\u043c\u044f \u0431\u0435\u0440\u0435\u043c\u0435\u043d\u043d\u043e\u0441\u0442\u0438, \u0442\u0430\u043a \u0438 \u043f\u043e\u0441\u043b\u0435 \u0440\u043e\u0434\u043e\u0432.<\/p>","protected":false},"excerpt":{"rendered":"<p>L\u00fcmfiteipimine Alandab valu nahas ja nahaaluskoes (nahaaluse ruumi suurendamine). Teibi elastsus tekitab liikumisel \u00f5rna massaa\u017ei efekti, parandades tsirkulatsiooni; Normaliseerib lihaste funktsiooni ( \u00fclekoormus, lihasp\u00f5letik, n\u00f5rk lihas); Lihaste d\u00fcsbalans; Kiirendab armkoe paranemist; Kiirendab haavade paranemist; V\u00e4hendab p\u00f5letikku ja alandab turset. Armkoe teipimine Soovitame teipimist keisriarmi jms k\u00f5hupiirkonna operatsiooniarmidele. Vastavalt vajadusele on [&hellip;]<\/p>\n","protected":false},"author":1,"featured_media":0,"parent":0,"menu_order":0,"comment_status":"closed","ping_status":"closed","template":"","meta":{"footnotes":""},"class_list":["post-49","page","type-page","status-publish","hentry"],"jetpack_sharing_enabled":true,"_links":{"self":[{"href":"https:\/\/bodytone.ee\/ru\/wp-json\/wp\/v2\/pages\/49","targetHints":{"allow":["GET"]}}],"collection":[{"href":"https:\/\/bodytone.ee\/ru\/wp-json\/wp\/v2\/pages"}],"about":[{"href":"https:\/\/bodytone.ee\/ru\/wp-json\/wp\/v2\/types\/page"}],"author":[{"embeddable":true,"href":"https:\/\/bodytone.ee\/ru\/wp-json\/wp\/v2\/users\/1"}],"replies":[{"embeddable":true,"href":"https:\/\/bodytone.ee\/ru\/wp-json\/wp\/v2\/comments?post=49"}],"version-history":[{"count":8,"href":"https:\/\/bodytone.ee\/ru\/wp-json\/wp\/v2\/pages\/49\/revisions"}],"predecessor-version":[{"id":276,"href":"https:\/\/bodytone.ee\/ru\/wp-json\/wp\/v2\/pages\/49\/revisions\/276"}],"wp:attachment":[{"href":"https:\/\/bodytone.ee\/ru\/wp-json\/wp\/v2\/media?parent=49"}],"curies":[{"name":"wp","href":"https:\/\/api.w.org\/{rel}","templated":true}]}}