{"id":59,"date":"2020-02-10T08:08:05","date_gmt":"2020-02-10T08:08:05","guid":{"rendered":"http:\/\/bodytone.ee\/?page_id=59"},"modified":"2026-02-07T22:19:54","modified_gmt":"2026-02-07T22:19:54","slug":"klassikaline-massaaz","status":"publish","type":"page","link":"https:\/\/bodytone.ee\/ru\/klassikaline-massaaz\/","title":{"rendered":"\u041c\u0430\u0441\u0441\u0430\u0436"},"content":{"rendered":"<div data-elementor-type=\"wp-page\" data-elementor-id=\"59\" class=\"elementor elementor-59\">\n\t\t\t\t\t\t<section class=\"elementor-section elementor-top-section elementor-element elementor-element-8611e72 elementor-section-boxed elementor-section-height-default elementor-section-height-default\" data-id=\"8611e72\" data-element_type=\"section\" data-e-type=\"section\">\n\t\t\t\t\t\t<div class=\"elementor-container elementor-column-gap-default\">\n\t\t\t\t\t<div class=\"elementor-column elementor-col-100 elementor-top-column elementor-element elementor-element-40ac728\" data-id=\"40ac728\" data-element_type=\"column\" data-e-type=\"column\">\n\t\t\t<div class=\"elementor-widget-wrap elementor-element-populated\">\n\t\t\t\t\t\t<div class=\"elementor-element elementor-element-c7891a0 elementor-widget elementor-widget-spacer\" data-id=\"c7891a0\" data-element_type=\"widget\" data-e-type=\"widget\" data-widget_type=\"spacer.default\">\n\t\t\t\t<div class=\"elementor-widget-container\">\n\t\t\t\t\t\t\t<div class=\"elementor-spacer\">\n\t\t\t<div class=\"elementor-spacer-inner\"><\/div>\n\t\t<\/div>\n\t\t\t\t\t\t<\/div>\n\t\t\t\t<\/div>\n\t\t\t\t\t<\/div>\n\t\t<\/div>\n\t\t\t\t\t<\/div>\n\t\t<\/section>\n\t\t\t\t<section class=\"elementor-section elementor-top-section elementor-element elementor-element-f770acb elementor-section-boxed elementor-section-height-default elementor-section-height-default\" data-id=\"f770acb\" data-element_type=\"section\" data-e-type=\"section\">\n\t\t\t\t\t\t<div class=\"elementor-container elementor-column-gap-default\">\n\t\t\t\t\t<div class=\"elementor-column elementor-col-100 elementor-top-column elementor-element elementor-element-63f10f5\" data-id=\"63f10f5\" data-element_type=\"column\" data-e-type=\"column\">\n\t\t\t<div class=\"elementor-widget-wrap elementor-element-populated\">\n\t\t\t\t\t\t<div class=\"elementor-element elementor-element-f121cac elementor-widget elementor-widget-heading\" data-id=\"f121cac\" data-element_type=\"widget\" data-e-type=\"widget\" data-widget_type=\"heading.default\">\n\t\t\t\t<div class=\"elementor-widget-container\">\n\t\t\t\t\t<h2 class=\"elementor-heading-title elementor-size-default\">\u041a\u043b\u0430\u0441\u0441\u0438\u0447\u0435\u0441\u043a\u0438\u0439 \u043c\u0430\u0441\u0441\u0430\u0436<\/h2>\t\t\t\t<\/div>\n\t\t\t\t<\/div>\n\t\t\t\t\t<\/div>\n\t\t<\/div>\n\t\t\t\t\t<\/div>\n\t\t<\/section>\n\t\t\t\t<section class=\"elementor-section elementor-top-section elementor-element elementor-element-e76224e elementor-section-boxed elementor-section-height-default elementor-section-height-default\" data-id=\"e76224e\" data-element_type=\"section\" data-e-type=\"section\">\n\t\t\t\t\t\t<div class=\"elementor-container elementor-column-gap-default\">\n\t\t\t\t\t<div class=\"elementor-column elementor-col-100 elementor-top-column elementor-element elementor-element-6981e4f\" data-id=\"6981e4f\" data-element_type=\"column\" data-e-type=\"column\">\n\t\t\t<div class=\"elementor-widget-wrap elementor-element-populated\">\n\t\t\t\t\t\t<div class=\"elementor-element elementor-element-625f8dd elementor-widget elementor-widget-eael-advanced-data-table\" data-id=\"625f8dd\" data-element_type=\"widget\" data-e-type=\"widget\" data-widget_type=\"eael-advanced-data-table.default\">\n\t\t\t\t<div class=\"elementor-widget-container\">\n\t\t\t\t\t<div class=\"ea-advanced-data-table-wrap\" data-id=\"625f8dd\"><div class=\"ea-advanced-data-table-wrap-inner\">\n                <table class=\"ea-advanced-data-table ea-advanced-data-table-static ea-advanced-data-table-625f8dd\" data-id=\"625f8dd\"><thead><tr><th><\/th><th>\u041f\u0440\u043e\u0434\u043e\u043b\u0436\u0438\u0442\u0435\u043b\u044c\u043d\u043e\u0441\u0442\u044c<\/th><th>\u0426\u0435\u043d\u0430<\/th><\/tr><\/thead><tbody><tr><td>KLASSIKALINE MASSAA\u017d - leevendab lihaspingeid ja parandab vereringet. Massaa\u017e m\u00f5jub tasakaalustavalt ps\u00fc\u00fchikale, l\u00f5\u00f5gastavalt lihaskonnale, aktiveerivalt l\u00fcmfi- ja vereringele ning immuuns\u00fcsteemile t\u00f5stes keha vastupanuv\u00f5imet haigustele.<\/td><td>30 \u043c\u0438\u043d<\/td><td>25 \u20ac<\/td><\/tr><tr><td><\/td><td>50 \u043c\u0438\u043d<\/td><td>38 \u20ac<\/td><\/tr><tr><td><\/td><td>80 min<\/td><td>49 \u20ac<\/td><\/tr><tr><td>SPORTMASSAA\u017d - on klassikalisest tugevam massaa\u017e, mille eesm\u00e4rgiks on t\u00f5sta keha t\u00f6\u00f6v\u00f5imet ja tagada keha taastumine. Hooldus m\u00f5jub l\u00f5dvestavalt kurnatud lihaste, krooniliste valude ja \u00fcletreenituse\/\u00fclev\u00e4simuse korral.<\/td><td>50 \u043c\u0438\u043d<\/td><td>49 \u20ac<\/td><\/tr><tr><td>LAAVAKIVI MASSAA\u017d - v\u00e4ga l\u00f5\u00f5gastav massaa\u017e, mis stimuleerib immuunsuss\u00fcsteemi, parandab vere mikrotsirkulatsiooni, parandab ainevahetust, tasakaalustab energiavood.<\/td><td>50 \u043c\u0438\u043d<\/td><td>45 \u20ac<\/td><\/tr><tr><td>TAI JALAMASSAA\u017d- aitab: parandada vereringet, parandab seede- ja erituselundite toiminguid, aitab ps\u00fc\u00fchiliste (stress, depressioon) probleemide korral.<\/td><td>30 \u043c\u0438\u043d<\/td><td>30 \u20ac<\/td><\/tr><\/tbody><\/table>\n            <\/div><\/div>\t\t\t\t<\/div>\n\t\t\t\t<\/div>\n\t\t\t\t\t<\/div>\n\t\t<\/div>\n\t\t\t\t\t<\/div>\n\t\t<\/section>\n\t\t\t\t<section class=\"elementor-section elementor-top-section elementor-element elementor-element-aa3a31c elementor-section-boxed elementor-section-height-default elementor-section-height-default\" data-id=\"aa3a31c\" data-element_type=\"section\" data-e-type=\"section\">\n\t\t\t\t\t\t<div class=\"elementor-container elementor-column-gap-default\">\n\t\t\t\t\t<div class=\"elementor-column elementor-col-100 elementor-top-column elementor-element elementor-element-939be0d\" data-id=\"939be0d\" data-element_type=\"column\" data-e-type=\"column\">\n\t\t\t<div class=\"elementor-widget-wrap elementor-element-populated\">\n\t\t\t\t\t\t<div class=\"elementor-element elementor-element-81f54b7 elementor-widget elementor-widget-spacer\" data-id=\"81f54b7\" data-element_type=\"widget\" data-e-type=\"widget\" data-widget_type=\"spacer.default\">\n\t\t\t\t<div class=\"elementor-widget-container\">\n\t\t\t\t\t\t\t<div class=\"elementor-spacer\">\n\t\t\t<div class=\"elementor-spacer-inner\"><\/div>\n\t\t<\/div>\n\t\t\t\t\t\t<\/div>\n\t\t\t\t<\/div>\n\t\t\t\t\t<\/div>\n\t\t<\/div>\n\t\t\t\t\t<\/div>\n\t\t<\/section>\n\t\t\t\t<\/div>","protected":false},"excerpt":{"rendered":"<p>Parim viis, kuidas v\u00e4hendada stressi ja pingeid, on usaldada oma keha professionaali soojadesse k\u00e4tesse ning nautida massaa\u017ei. L\u00f5\u00f5gastuseks sobib \u00fchekordselt teostatud massaa\u017e ning parem enesetunne on garanteeritud. Kui esineb aga erinevaid lihaspingeid, valusid, siis soovitame l\u00e4bida \u00fcks m\u00f5nus massaa\u017eikuur. Pakume erinevaid massaa\u017ee: KLASSIKALINE MASSAA\u017d &#8211; k\u00f5ige traditsioonilisem ja \u00fcks levinuim [&hellip;]<\/p>\n","protected":false},"author":1,"featured_media":0,"parent":0,"menu_order":0,"comment_status":"closed","ping_status":"closed","template":"","meta":{"footnotes":""},"class_list":["post-59","page","type-page","status-publish","hentry"],"jetpack_sharing_enabled":true,"_links":{"self":[{"href":"https:\/\/bodytone.ee\/ru\/wp-json\/wp\/v2\/pages\/59","targetHints":{"allow":["GET"]}}],"collection":[{"href":"https:\/\/bodytone.ee\/ru\/wp-json\/wp\/v2\/pages"}],"about":[{"href":"https:\/\/bodytone.ee\/ru\/wp-json\/wp\/v2\/types\/page"}],"author":[{"embeddable":true,"href":"https:\/\/bodytone.ee\/ru\/wp-json\/wp\/v2\/users\/1"}],"replies":[{"embeddable":true,"href":"https:\/\/bodytone.ee\/ru\/wp-json\/wp\/v2\/comments?post=59"}],"version-history":[{"count":17,"href":"https:\/\/bodytone.ee\/ru\/wp-json\/wp\/v2\/pages\/59\/revisions"}],"predecessor-version":[{"id":921,"href":"https:\/\/bodytone.ee\/ru\/wp-json\/wp\/v2\/pages\/59\/revisions\/921"}],"wp:attachment":[{"href":"https:\/\/bodytone.ee\/ru\/wp-json\/wp\/v2\/media?parent=59"}],"curies":[{"name":"wp","href":"https:\/\/api.w.org\/{rel}","templated":true}]}}