{"id":61,"date":"2020-02-10T08:08:18","date_gmt":"2020-02-10T08:08:18","guid":{"rendered":"http:\/\/bodytone.ee\/?page_id=61"},"modified":"2026-02-07T22:16:54","modified_gmt":"2026-02-07T22:16:54","slug":"aroomimassaaz","status":"publish","type":"page","link":"https:\/\/bodytone.ee\/ru\/aroomimassaaz\/","title":{"rendered":"\u0410\u0440\u043e\u043c\u0430\u0442\u0438\u0447\u0435\u0441\u043a\u0438\u0439 \u043c\u0430\u0441\u0441\u0430\u0436"},"content":{"rendered":"<h2>\u0410\u0440\u043e\u043c\u0430\u0442\u0438\u0447\u0435\u0441\u043a\u0438\u0439 \u043c\u0430\u0441\u0441\u0430\u0436<\/h2>\n<p><b style=\"font-size: inherit;\">Stressivastane massaa\u017eihooldus eeterlike \u00f5lidega kogu kehale 60 min ja 30 min<\/b><\/p>\n<p>T\u00f5eline sensoriaalne spaanauding energiast pakatavate sidruni, lavendli ja t\u00fc\u00fcmiani l\u00f5hnanootidega, mis k\u00fclvab naha \u00fcle vitaalse energiaga.<\/p>\n<p>Hooldus pakub \u00fclimat l\u00f5\u00f5gastust ning vabasatab keha ja meeled ka k\u00f5ige suurematest pingetest. Manuaalsed massaa\u017eiv\u00f5tted on inspireeritud erinevatest massa\u017eiliikidest nagu Maori \u201eLomi-lomi\u201c, Jaapani Shiatsu ja Rootsi massaa\u017e.<\/p>\n<p>Hoolduse j\u00e4rgselt on keha energiatasakaal taastunud, meeled on puhanud ning ligaspinged v\u00e4henenud. Nahk on sametiselt pehme.<\/p>\n<p><b>Stressivastane massaa\u017eihooldus eeterlike \u00f5lidega koos keha koorimisega 60 min<\/b><\/p>\n<p>T\u00f5eline sensoriaalne spaanauding koos kehakoorimise rituaali ja l\u00f5\u00f5gastava massaa\u017eiga.<\/p>\n<p>Koorimise k\u00e4igus kasutatakse v\u00e4\u00e4rtuslikku mangov\u00f5i ja pruunisuhkru koorijat, mis eemaldatab \u00f5rnalt surnud naharakud. Ebatasane nahk muutub pehmeks ja siledaks. Koorimisele j\u00e4rgnev massaa\u017e on inspireeritud erinevatest massa\u017eiliikidest nagu Maori \u201eLomi-lomi\u201c, Jaapani Shiatsu ja Rootsi massaa\u017e.<\/p>\n<p>Hoolduse j\u00e4rgselt on nahk t\u00f5eliselt puhas ja sile. Keha energiatasakaal on taastunud, meeled ja lihaspinged v\u00e4henenud.<\/p>\n<table data-id=\"8a5e117\" data-items-per-page=\"\">\n<thead>\n<tr>\n<th><\/th>\n<th>\u041f\u0440\u043e\u0434\u043e\u043b\u0436\u0438\u0442\u0435\u043b\u044c\u043d\u043e\u0441\u0442\u044c<\/th>\n<th>\u0426\u0435\u043d\u0430<\/th>\n<\/tr>\n<\/thead>\n<tbody>\n<tr>\n<td>Stressivastane massaa\u017eihooldus<\/td>\n<td>30min<\/td>\n<td>30 \u20ac<\/td>\n<\/tr>\n<tr>\n<td><\/td>\n<td>60min<\/td>\n<td>50 \u20ac<\/td>\n<\/tr>\n<tr>\n<td>Stressivastane massaazihooldus koorimisega<\/td>\n<td>60min<\/td>\n<td>55 \u20ac<\/td>\n<\/tr>\n<\/tbody>\n<\/table>","protected":false},"excerpt":{"rendered":"<p>Aroomimassaa\u017e Stressivastane massaa\u017eihooldus eeterlike \u00f5lidega kogu kehale 60 min ja 30 min T\u00f5eline sensoriaalne spaanauding energiast pakatavate sidruni, lavendli ja t\u00fc\u00fcmiani l\u00f5hnanootidega, mis k\u00fclvab naha \u00fcle vitaalse energiaga. Hooldus pakub \u00fclimat l\u00f5\u00f5gastust ning vabasatab keha ja meeled ka k\u00f5ige suurematest pingetest. Manuaalsed massaa\u017eiv\u00f5tted on inspireeritud erinevatest massa\u017eiliikidest nagu Maori \u201eLomi-lomi\u201c, [&hellip;]<\/p>\n","protected":false},"author":1,"featured_media":0,"parent":0,"menu_order":0,"comment_status":"closed","ping_status":"closed","template":"page-templates\/template-fullwidth.php","meta":{"footnotes":""},"class_list":["post-61","page","type-page","status-publish","hentry"],"jetpack_sharing_enabled":true,"_links":{"self":[{"href":"https:\/\/bodytone.ee\/ru\/wp-json\/wp\/v2\/pages\/61","targetHints":{"allow":["GET"]}}],"collection":[{"href":"https:\/\/bodytone.ee\/ru\/wp-json\/wp\/v2\/pages"}],"about":[{"href":"https:\/\/bodytone.ee\/ru\/wp-json\/wp\/v2\/types\/page"}],"author":[{"embeddable":true,"href":"https:\/\/bodytone.ee\/ru\/wp-json\/wp\/v2\/users\/1"}],"replies":[{"embeddable":true,"href":"https:\/\/bodytone.ee\/ru\/wp-json\/wp\/v2\/comments?post=61"}],"version-history":[{"count":15,"href":"https:\/\/bodytone.ee\/ru\/wp-json\/wp\/v2\/pages\/61\/revisions"}],"predecessor-version":[{"id":1895,"href":"https:\/\/bodytone.ee\/ru\/wp-json\/wp\/v2\/pages\/61\/revisions\/1895"}],"wp:attachment":[{"href":"https:\/\/bodytone.ee\/ru\/wp-json\/wp\/v2\/media?parent=61"}],"curies":[{"name":"wp","href":"https:\/\/api.w.org\/{rel}","templated":true}]}}